{"id":11686,"date":"2021-12-20T11:17:03","date_gmt":"2021-12-20T11:17:03","guid":{"rendered":"https:\/\/theswitchers.eu\/our-events\/"},"modified":"2024-04-30T12:41:31","modified_gmt":"2024-04-30T12:41:31","slug":"our-events","status":"publish","type":"page","link":"https:\/\/theswitchers.eu\/fr\/our-events\/","title":{"rendered":"Nos \u00e9v\u00e9nements"},"content":{"rendered":"<p><span class=\"HwtZe\" lang=\"fr\"><span class=\"jCAhz ChMk0b\"><span class=\"ryNqvb\">La Communaut\u00e9 Switchers essaie toujours d&rsquo;augmenter la visibilit\u00e9 de ses membres \u00e0 travers l&rsquo;invitation \u00e0 diff\u00e9rents \u00e9v\u00e9nements sur l&rsquo;entrepreneuriat vert que ce soit au niveau europ\u00e9en ou mondial. En plus de cela, la Communaut\u00e9 Switchers a son propre \u00e9v\u00e9nement : Les Switchers Talks.<\/span><\/span> <\/span><\/p>\n<p><span class=\"HwtZe\" lang=\"fr\"><span class=\"jCAhz ChMk0b\"><span class=\"ryNqvb\">Les Switchers Talks sont un \u00e9v\u00e9nement en ligne qui vise \u00e0 rassembler le plus grand nombre d\u2019entrepreneurs et d\u2019organisations verts formant la communaut\u00e9 Switchers.<\/span><\/span> <\/span><\/p>\n<p><span class=\"HwtZe\" lang=\"fr\"><span class=\"jCAhz ChMk0b\"><span class=\"ryNqvb\"><strong>L&rsquo;objectif principal<\/strong> de cet \u00e9v\u00e9nement est de favoriser la discussion sur la mani\u00e8re dont la Communaut\u00e9 des Switchers devrait \u00e9voluer pour \u00eatre plus efficace et offrir les outils n\u00e9cessaires pour am\u00e9liorer les entreprises vertes de la r\u00e9gion m\u00e9diterran\u00e9enne.<\/span><\/span><\/span>v<\/p>\n<p>&nbsp;<\/p>\n<h3><img loading=\"lazy\" decoding=\"async\" class=\"aligncenter wp-image-11425 size-large\" src=\"https:\/\/theswitchers.eu\/wp-content\/uploads\/2022\/02\/01-TheSwitchers-Talks-Primary-1440x720.png\" alt=\"\" width=\"800\" height=\"400\" srcset=\"https:\/\/theswitchers.eu\/wp-content\/uploads\/2022\/02\/01-TheSwitchers-Talks-Primary-1440x720.png 1440w, https:\/\/theswitchers.eu\/wp-content\/uploads\/2022\/02\/01-TheSwitchers-Talks-Primary-1536x768.png 1536w, https:\/\/theswitchers.eu\/wp-content\/uploads\/2022\/02\/01-TheSwitchers-Talks-Primary-2048x1024.png 2048w\" sizes=\"auto, (max-width: 800px) 100vw, 800px\" \/><\/h3>\n<p>&nbsp;<\/p>\n","protected":false},"excerpt":{"rendered":"<p>La Communaut\u00e9 Switchers essaie toujours d&rsquo;augmenter la visibilit\u00e9 de ses membres \u00e0 travers l&rsquo;invitation \u00e0 diff\u00e9rents \u00e9v\u00e9nements sur l&rsquo;entrepreneuriat vert que ce soit au niveau europ\u00e9en ou mondial. En plus de cela, la Communaut\u00e9 Switchers a son propre \u00e9v\u00e9nement : Les Switchers Talks. Les Switchers Talks sont un \u00e9v\u00e9nement en ligne qui vise \u00e0 rassembler [&hellip;]<\/p>\n","protected":false},"author":1,"featured_media":11159,"parent":0,"menu_order":0,"comment_status":"closed","ping_status":"closed","template":"our-events.php","meta":{"_acf_changed":false,"_relevanssi_hide_post":"","_relevanssi_hide_content":"","_relevanssi_pin_for_all":"","_relevanssi_pin_keywords":"","_relevanssi_unpin_keywords":"","_relevanssi_related_keywords":"","_relevanssi_related_include_ids":"","_relevanssi_related_exclude_ids":"","_relevanssi_related_no_append":"","_relevanssi_related_not_related":"","_relevanssi_related_posts":"","_relevanssi_noindex_reason":"","_monsterinsights_skip_tracking":false,"_monsterinsights_sitenote_active":false,"_monsterinsights_sitenote_note":"","_monsterinsights_sitenote_category":0,"footnotes":""},"class_list":["post-11686","page","type-page","status-publish","has-post-thumbnail","hentry"],"acf":[],"yoast_head":"<!-- This site is optimized with the Yoast SEO plugin v27.3 - https:\/\/yoast.com\/product\/yoast-seo-wordpress\/ -->\n<title>Nos \u00e9v\u00e9nements - The Switchers<\/title>\n<meta name=\"robots\" content=\"index, follow, max-snippet:-1, max-image-preview:large, max-video-preview:-1\" \/>\n<link rel=\"canonical\" href=\"https:\/\/theswitchers.eu\/fr\/our-events\/\" \/>\n<meta property=\"og:locale\" content=\"fr_FR\" \/>\n<meta property=\"og:type\" content=\"article\" \/>\n<meta property=\"og:title\" content=\"Nos \u00e9v\u00e9nements - The Switchers\" \/>\n<meta property=\"og:description\" content=\"La Communaut\u00e9 Switchers essaie toujours d&rsquo;augmenter la visibilit\u00e9 de ses membres \u00e0 travers l&rsquo;invitation \u00e0 diff\u00e9rents \u00e9v\u00e9nements sur l&rsquo;entrepreneuriat vert que ce soit au niveau europ\u00e9en ou mondial. En plus de cela, la Communaut\u00e9 Switchers a son propre \u00e9v\u00e9nement : Les Switchers Talks. Les Switchers Talks sont un \u00e9v\u00e9nement en ligne qui vise \u00e0 rassembler [&hellip;]\" \/>\n<meta property=\"og:url\" content=\"https:\/\/theswitchers.eu\/fr\/our-events\/\" \/>\n<meta property=\"og:site_name\" content=\"The Switchers\" \/>\n<meta property=\"article:publisher\" content=\"https:\/\/www.facebook.com\/wearetheswitchers\/\" \/>\n<meta property=\"article:modified_time\" content=\"2024-04-30T12:41:31+00:00\" \/>\n<meta property=\"og:image\" content=\"https:\/\/theswitchers.eu\/wp-content\/uploads\/2022\/01\/systemic-thinking-event-en-training-center-espai-dodecaedre.jpeg\" \/>\n\t<meta property=\"og:image:width\" content=\"1600\" \/>\n\t<meta property=\"og:image:height\" content=\"1066\" \/>\n\t<meta property=\"og:image:type\" content=\"image\/jpeg\" \/>\n<meta name=\"twitter:card\" content=\"summary_large_image\" \/>\n<meta name=\"twitter:site\" content=\"@switchmed\" \/>\n<meta name=\"twitter:label1\" content=\"Dur\u00e9e de lecture estim\u00e9e\" \/>\n\t<meta name=\"twitter:data1\" content=\"1 minute\" \/>\n<script type=\"application\/ld+json\" class=\"yoast-schema-graph\">{\"@context\":\"https:\\\/\\\/schema.org\",\"@graph\":[{\"@type\":\"WebPage\",\"@id\":\"https:\\\/\\\/theswitchers.eu\\\/fr\\\/our-events\\\/\",\"url\":\"https:\\\/\\\/theswitchers.eu\\\/fr\\\/our-events\\\/\",\"name\":\"Nos \u00e9v\u00e9nements - The Switchers\",\"isPartOf\":{\"@id\":\"https:\\\/\\\/theswitchers.eu\\\/fr\\\/#website\"},\"primaryImageOfPage\":{\"@id\":\"https:\\\/\\\/theswitchers.eu\\\/fr\\\/our-events\\\/#primaryimage\"},\"image\":{\"@id\":\"https:\\\/\\\/theswitchers.eu\\\/fr\\\/our-events\\\/#primaryimage\"},\"thumbnailUrl\":\"https:\\\/\\\/theswitchers.eu\\\/wp-content\\\/uploads\\\/2022\\\/01\\\/systemic-thinking-event-en-training-center-espai-dodecaedre.jpeg\",\"datePublished\":\"2021-12-20T11:17:03+00:00\",\"dateModified\":\"2024-04-30T12:41:31+00:00\",\"breadcrumb\":{\"@id\":\"https:\\\/\\\/theswitchers.eu\\\/fr\\\/our-events\\\/#breadcrumb\"},\"inLanguage\":\"fr-FR\",\"potentialAction\":[{\"@type\":\"ReadAction\",\"target\":[\"https:\\\/\\\/theswitchers.eu\\\/fr\\\/our-events\\\/\"]}]},{\"@type\":\"ImageObject\",\"inLanguage\":\"fr-FR\",\"@id\":\"https:\\\/\\\/theswitchers.eu\\\/fr\\\/our-events\\\/#primaryimage\",\"url\":\"https:\\\/\\\/theswitchers.eu\\\/wp-content\\\/uploads\\\/2022\\\/01\\\/systemic-thinking-event-en-training-center-espai-dodecaedre.jpeg\",\"contentUrl\":\"https:\\\/\\\/theswitchers.eu\\\/wp-content\\\/uploads\\\/2022\\\/01\\\/systemic-thinking-event-en-training-center-espai-dodecaedre.jpeg\",\"width\":1600,\"height\":1066,\"caption\":\"Meet&Map helps aspiring social entrepreneurs get started with networking, marketing, and corporate strategies to make an impact.\"},{\"@type\":\"BreadcrumbList\",\"@id\":\"https:\\\/\\\/theswitchers.eu\\\/fr\\\/our-events\\\/#breadcrumb\",\"itemListElement\":[{\"@type\":\"ListItem\",\"position\":1,\"name\":\"Portada\",\"item\":\"https:\\\/\\\/theswitchers.eu\\\/fr\\\/\"},{\"@type\":\"ListItem\",\"position\":2,\"name\":\"Nos \u00e9v\u00e9nements\"}]},{\"@type\":\"WebSite\",\"@id\":\"https:\\\/\\\/theswitchers.eu\\\/fr\\\/#website\",\"url\":\"https:\\\/\\\/theswitchers.eu\\\/fr\\\/\",\"name\":\"The Switchers\",\"description\":\"The stories of the people who are changing the world\",\"publisher\":{\"@id\":\"https:\\\/\\\/theswitchers.eu\\\/fr\\\/#organization\"},\"potentialAction\":[{\"@type\":\"SearchAction\",\"target\":{\"@type\":\"EntryPoint\",\"urlTemplate\":\"https:\\\/\\\/theswitchers.eu\\\/fr\\\/?s={search_term_string}\"},\"query-input\":{\"@type\":\"PropertyValueSpecification\",\"valueRequired\":true,\"valueName\":\"search_term_string\"}}],\"inLanguage\":\"fr-FR\"},{\"@type\":\"Organization\",\"@id\":\"https:\\\/\\\/theswitchers.eu\\\/fr\\\/#organization\",\"name\":\"The Switchers\",\"url\":\"https:\\\/\\\/theswitchers.eu\\\/fr\\\/\",\"logo\":{\"@type\":\"ImageObject\",\"inLanguage\":\"fr-FR\",\"@id\":\"https:\\\/\\\/theswitchers.eu\\\/fr\\\/#\\\/schema\\\/logo\\\/image\\\/\",\"url\":\"https:\\\/\\\/theswitchers.eu\\\/wp-content\\\/uploads\\\/2017\\\/03\\\/switchmed_circle_small.jpg\",\"contentUrl\":\"https:\\\/\\\/theswitchers.eu\\\/wp-content\\\/uploads\\\/2017\\\/03\\\/switchmed_circle_small.jpg\",\"width\":87,\"height\":88,\"caption\":\"The Switchers\"},\"image\":{\"@id\":\"https:\\\/\\\/theswitchers.eu\\\/fr\\\/#\\\/schema\\\/logo\\\/image\\\/\"},\"sameAs\":[\"https:\\\/\\\/www.facebook.com\\\/wearetheswitchers\\\/\",\"https:\\\/\\\/x.com\\\/switchmed\",\"https:\\\/\\\/www.instagram.com\\\/theswitchers.eu\\\/\",\"https:\\\/\\\/www.linkedin.com\\\/groups\\\/8191541\",\"https:\\\/\\\/www.youtube.com\\\/channel\\\/UCzsiTQGcwZMM2ZvO8UKaihg\"]}]}<\/script>\n<!-- \/ Yoast SEO plugin. -->","yoast_head_json":{"title":"Nos \u00e9v\u00e9nements - The Switchers","robots":{"index":"index","follow":"follow","max-snippet":"max-snippet:-1","max-image-preview":"max-image-preview:large","max-video-preview":"max-video-preview:-1"},"canonical":"https:\/\/theswitchers.eu\/fr\/our-events\/","og_locale":"fr_FR","og_type":"article","og_title":"Nos \u00e9v\u00e9nements - The Switchers","og_description":"La Communaut\u00e9 Switchers essaie toujours d&rsquo;augmenter la visibilit\u00e9 de ses membres \u00e0 travers l&rsquo;invitation \u00e0 diff\u00e9rents \u00e9v\u00e9nements sur l&rsquo;entrepreneuriat vert que ce soit au niveau europ\u00e9en ou mondial. En plus de cela, la Communaut\u00e9 Switchers a son propre \u00e9v\u00e9nement : Les Switchers Talks. Les Switchers Talks sont un \u00e9v\u00e9nement en ligne qui vise \u00e0 rassembler [&hellip;]","og_url":"https:\/\/theswitchers.eu\/fr\/our-events\/","og_site_name":"The Switchers","article_publisher":"https:\/\/www.facebook.com\/wearetheswitchers\/","article_modified_time":"2024-04-30T12:41:31+00:00","og_image":[{"width":1600,"height":1066,"url":"https:\/\/theswitchers.eu\/wp-content\/uploads\/2022\/01\/systemic-thinking-event-en-training-center-espai-dodecaedre.jpeg","type":"image\/jpeg"}],"twitter_card":"summary_large_image","twitter_site":"@switchmed","twitter_misc":{"Dur\u00e9e de lecture estim\u00e9e":"1 minute"},"schema":{"@context":"https:\/\/schema.org","@graph":[{"@type":"WebPage","@id":"https:\/\/theswitchers.eu\/fr\/our-events\/","url":"https:\/\/theswitchers.eu\/fr\/our-events\/","name":"Nos \u00e9v\u00e9nements - The Switchers","isPartOf":{"@id":"https:\/\/theswitchers.eu\/fr\/#website"},"primaryImageOfPage":{"@id":"https:\/\/theswitchers.eu\/fr\/our-events\/#primaryimage"},"image":{"@id":"https:\/\/theswitchers.eu\/fr\/our-events\/#primaryimage"},"thumbnailUrl":"https:\/\/theswitchers.eu\/wp-content\/uploads\/2022\/01\/systemic-thinking-event-en-training-center-espai-dodecaedre.jpeg","datePublished":"2021-12-20T11:17:03+00:00","dateModified":"2024-04-30T12:41:31+00:00","breadcrumb":{"@id":"https:\/\/theswitchers.eu\/fr\/our-events\/#breadcrumb"},"inLanguage":"fr-FR","potentialAction":[{"@type":"ReadAction","target":["https:\/\/theswitchers.eu\/fr\/our-events\/"]}]},{"@type":"ImageObject","inLanguage":"fr-FR","@id":"https:\/\/theswitchers.eu\/fr\/our-events\/#primaryimage","url":"https:\/\/theswitchers.eu\/wp-content\/uploads\/2022\/01\/systemic-thinking-event-en-training-center-espai-dodecaedre.jpeg","contentUrl":"https:\/\/theswitchers.eu\/wp-content\/uploads\/2022\/01\/systemic-thinking-event-en-training-center-espai-dodecaedre.jpeg","width":1600,"height":1066,"caption":"Meet&Map helps aspiring social entrepreneurs get started with networking, marketing, and corporate strategies to make an impact."},{"@type":"BreadcrumbList","@id":"https:\/\/theswitchers.eu\/fr\/our-events\/#breadcrumb","itemListElement":[{"@type":"ListItem","position":1,"name":"Portada","item":"https:\/\/theswitchers.eu\/fr\/"},{"@type":"ListItem","position":2,"name":"Nos \u00e9v\u00e9nements"}]},{"@type":"WebSite","@id":"https:\/\/theswitchers.eu\/fr\/#website","url":"https:\/\/theswitchers.eu\/fr\/","name":"The Switchers","description":"The stories of the people who are changing the world","publisher":{"@id":"https:\/\/theswitchers.eu\/fr\/#organization"},"potentialAction":[{"@type":"SearchAction","target":{"@type":"EntryPoint","urlTemplate":"https:\/\/theswitchers.eu\/fr\/?s={search_term_string}"},"query-input":{"@type":"PropertyValueSpecification","valueRequired":true,"valueName":"search_term_string"}}],"inLanguage":"fr-FR"},{"@type":"Organization","@id":"https:\/\/theswitchers.eu\/fr\/#organization","name":"The Switchers","url":"https:\/\/theswitchers.eu\/fr\/","logo":{"@type":"ImageObject","inLanguage":"fr-FR","@id":"https:\/\/theswitchers.eu\/fr\/#\/schema\/logo\/image\/","url":"https:\/\/theswitchers.eu\/wp-content\/uploads\/2017\/03\/switchmed_circle_small.jpg","contentUrl":"https:\/\/theswitchers.eu\/wp-content\/uploads\/2017\/03\/switchmed_circle_small.jpg","width":87,"height":88,"caption":"The Switchers"},"image":{"@id":"https:\/\/theswitchers.eu\/fr\/#\/schema\/logo\/image\/"},"sameAs":["https:\/\/www.facebook.com\/wearetheswitchers\/","https:\/\/x.com\/switchmed","https:\/\/www.instagram.com\/theswitchers.eu\/","https:\/\/www.linkedin.com\/groups\/8191541","https:\/\/www.youtube.com\/channel\/UCzsiTQGcwZMM2ZvO8UKaihg"]}]}},"_links":{"self":[{"href":"https:\/\/theswitchers.eu\/fr\/wp-json\/wp\/v2\/pages\/11686","targetHints":{"allow":["GET"]}}],"collection":[{"href":"https:\/\/theswitchers.eu\/fr\/wp-json\/wp\/v2\/pages"}],"about":[{"href":"https:\/\/theswitchers.eu\/fr\/wp-json\/wp\/v2\/types\/page"}],"author":[{"embeddable":true,"href":"https:\/\/theswitchers.eu\/fr\/wp-json\/wp\/v2\/users\/1"}],"replies":[{"embeddable":true,"href":"https:\/\/theswitchers.eu\/fr\/wp-json\/wp\/v2\/comments?post=11686"}],"version-history":[{"count":4,"href":"https:\/\/theswitchers.eu\/fr\/wp-json\/wp\/v2\/pages\/11686\/revisions"}],"predecessor-version":[{"id":12738,"href":"https:\/\/theswitchers.eu\/fr\/wp-json\/wp\/v2\/pages\/11686\/revisions\/12738"}],"wp:featuredmedia":[{"embeddable":true,"href":"https:\/\/theswitchers.eu\/fr\/wp-json\/wp\/v2\/media\/11159"}],"wp:attachment":[{"href":"https:\/\/theswitchers.eu\/fr\/wp-json\/wp\/v2\/media?parent=11686"}],"curies":[{"name":"wp","href":"https:\/\/api.w.org\/{rel}","templated":true}]}}