{"id":11688,"date":"2021-12-09T11:39:14","date_gmt":"2021-12-09T11:39:14","guid":{"rendered":"https:\/\/theswitchers.eu\/our-team\/"},"modified":"2024-04-30T12:17:39","modified_gmt":"2024-04-30T12:17:39","slug":"our-team","status":"publish","type":"page","link":"https:\/\/theswitchers.eu\/fr\/our-team\/","title":{"rendered":"Notre \u00e9quipe"},"content":{"rendered":"<p data-sourcepos=\"1:1-1:448\">Depuis sa cr\u00e9ation en 2016, la communaut\u00e9 Switchers prosp\u00e8re gr\u00e2ce \u00e0 une \u00e9quipe passionn\u00e9e et en constante \u00e9volution qui joue un r\u00f4le vital dans la promotion des innovateurs verts \u00e0 travers la M\u00e9diterran\u00e9e. \u00c0 la t\u00eate de l&rsquo;\u00e9quipe se trouve actuellement (en 2024) Helena Busquet Comalat qui est responsable du projet. A ses c\u00f4t\u00e9s se trouve Khalil Ellouze, responsable de la communaut\u00e9 et storyteller, depuis 2019.<\/p>\n<p data-sourcepos=\"3:1-3:441\">S&rsquo;il s&rsquo;agit de l&rsquo;\u00e9quipe actuelle, un groupe d\u00e9vou\u00e9 d&rsquo;anciens membres a pos\u00e9 les bases du succ\u00e8s de la communaut\u00e9. Il s&rsquo;agit notamment de Daniel Hires et Ananda Alonso (chefs de projet), Eman El-Sherbiny (r\u00e9dactrice en chef), David Wood et Kristin Hanes (storytellers), Mayya Husseini (responsable de communaut\u00e9), Marta Casanovas Pesarodonna et Pol Santalo (anciens responsables de l&rsquo;engagement) et Lilia Bacha (traductrice anglais-fran\u00e7ais).<\/p>\n","protected":false},"excerpt":{"rendered":"<p>Depuis sa cr\u00e9ation en 2016, la communaut\u00e9 Switchers prosp\u00e8re gr\u00e2ce \u00e0 une \u00e9quipe passionn\u00e9e et en constante \u00e9volution qui joue un r\u00f4le vital dans la promotion des innovateurs verts \u00e0 travers la M\u00e9diterran\u00e9e. \u00c0 la t\u00eate de l&rsquo;\u00e9quipe se trouve actuellement (en 2024) Helena Busquet Comalat qui est responsable du projet. A ses c\u00f4t\u00e9s se [&hellip;]<\/p>\n","protected":false},"author":1,"featured_media":11228,"parent":0,"menu_order":0,"comment_status":"closed","ping_status":"closed","template":"our-team.php","meta":{"_acf_changed":false,"_relevanssi_hide_post":"","_relevanssi_hide_content":"","_relevanssi_pin_for_all":"","_relevanssi_pin_keywords":"","_relevanssi_unpin_keywords":"","_relevanssi_related_keywords":"","_relevanssi_related_include_ids":"","_relevanssi_related_exclude_ids":"","_relevanssi_related_no_append":"","_relevanssi_related_not_related":"","_relevanssi_related_posts":"","_relevanssi_noindex_reason":"","_monsterinsights_skip_tracking":false,"_monsterinsights_sitenote_active":false,"_monsterinsights_sitenote_note":"","_monsterinsights_sitenote_category":0,"footnotes":""},"class_list":["post-11688","page","type-page","status-publish","has-post-thumbnail","hentry"],"acf":[],"yoast_head":"<!-- This site is optimized with the Yoast SEO plugin v27.3 - https:\/\/yoast.com\/product\/yoast-seo-wordpress\/ -->\n<title>Notre \u00e9quipe - The Switchers<\/title>\n<meta name=\"robots\" content=\"index, follow, max-snippet:-1, max-image-preview:large, max-video-preview:-1\" \/>\n<link rel=\"canonical\" href=\"https:\/\/theswitchers.eu\/fr\/our-team\/\" \/>\n<meta property=\"og:locale\" content=\"fr_FR\" \/>\n<meta property=\"og:type\" content=\"article\" \/>\n<meta property=\"og:title\" content=\"Notre \u00e9quipe - The Switchers\" \/>\n<meta property=\"og:description\" content=\"Depuis sa cr\u00e9ation en 2016, la communaut\u00e9 Switchers prosp\u00e8re gr\u00e2ce \u00e0 une \u00e9quipe passionn\u00e9e et en constante \u00e9volution qui joue un r\u00f4le vital dans la promotion des innovateurs verts \u00e0 travers la M\u00e9diterran\u00e9e. \u00c0 la t\u00eate de l&rsquo;\u00e9quipe se trouve actuellement (en 2024) Helena Busquet Comalat qui est responsable du projet. A ses c\u00f4t\u00e9s se [&hellip;]\" \/>\n<meta property=\"og:url\" content=\"https:\/\/theswitchers.eu\/fr\/our-team\/\" \/>\n<meta property=\"og:site_name\" content=\"The Switchers\" \/>\n<meta property=\"article:publisher\" content=\"https:\/\/www.facebook.com\/wearetheswitchers\/\" \/>\n<meta property=\"article:modified_time\" content=\"2024-04-30T12:17:39+00:00\" \/>\n<meta property=\"og:image\" content=\"https:\/\/theswitchers.eu\/wp-content\/uploads\/2022\/01\/Press-release-Picture-scaled-e1642609296426.jpg\" \/>\n\t<meta property=\"og:image:width\" content=\"2560\" \/>\n\t<meta property=\"og:image:height\" content=\"755\" \/>\n\t<meta property=\"og:image:type\" content=\"image\/jpeg\" \/>\n<meta name=\"twitter:card\" content=\"summary_large_image\" \/>\n<meta name=\"twitter:site\" content=\"@switchmed\" \/>\n<meta name=\"twitter:label1\" content=\"Dur\u00e9e de lecture estim\u00e9e\" \/>\n\t<meta name=\"twitter:data1\" content=\"1 minute\" \/>\n<script type=\"application\/ld+json\" class=\"yoast-schema-graph\">{\"@context\":\"https:\\\/\\\/schema.org\",\"@graph\":[{\"@type\":\"WebPage\",\"@id\":\"https:\\\/\\\/theswitchers.eu\\\/fr\\\/our-team\\\/\",\"url\":\"https:\\\/\\\/theswitchers.eu\\\/fr\\\/our-team\\\/\",\"name\":\"Notre \u00e9quipe - The Switchers\",\"isPartOf\":{\"@id\":\"https:\\\/\\\/theswitchers.eu\\\/fr\\\/#website\"},\"primaryImageOfPage\":{\"@id\":\"https:\\\/\\\/theswitchers.eu\\\/fr\\\/our-team\\\/#primaryimage\"},\"image\":{\"@id\":\"https:\\\/\\\/theswitchers.eu\\\/fr\\\/our-team\\\/#primaryimage\"},\"thumbnailUrl\":\"https:\\\/\\\/theswitchers.eu\\\/wp-content\\\/uploads\\\/2022\\\/01\\\/Press-release-Picture-scaled-e1642609296426.jpg\",\"datePublished\":\"2021-12-09T11:39:14+00:00\",\"dateModified\":\"2024-04-30T12:17:39+00:00\",\"breadcrumb\":{\"@id\":\"https:\\\/\\\/theswitchers.eu\\\/fr\\\/our-team\\\/#breadcrumb\"},\"inLanguage\":\"fr-FR\",\"potentialAction\":[{\"@type\":\"ReadAction\",\"target\":[\"https:\\\/\\\/theswitchers.eu\\\/fr\\\/our-team\\\/\"]}]},{\"@type\":\"ImageObject\",\"inLanguage\":\"fr-FR\",\"@id\":\"https:\\\/\\\/theswitchers.eu\\\/fr\\\/our-team\\\/#primaryimage\",\"url\":\"https:\\\/\\\/theswitchers.eu\\\/wp-content\\\/uploads\\\/2022\\\/01\\\/Press-release-Picture-scaled-e1642609296426.jpg\",\"contentUrl\":\"https:\\\/\\\/theswitchers.eu\\\/wp-content\\\/uploads\\\/2022\\\/01\\\/Press-release-Picture-scaled-e1642609296426.jpg\",\"width\":2560,\"height\":755},{\"@type\":\"BreadcrumbList\",\"@id\":\"https:\\\/\\\/theswitchers.eu\\\/fr\\\/our-team\\\/#breadcrumb\",\"itemListElement\":[{\"@type\":\"ListItem\",\"position\":1,\"name\":\"Portada\",\"item\":\"https:\\\/\\\/theswitchers.eu\\\/fr\\\/\"},{\"@type\":\"ListItem\",\"position\":2,\"name\":\"Notre \u00e9quipe\"}]},{\"@type\":\"WebSite\",\"@id\":\"https:\\\/\\\/theswitchers.eu\\\/fr\\\/#website\",\"url\":\"https:\\\/\\\/theswitchers.eu\\\/fr\\\/\",\"name\":\"The Switchers\",\"description\":\"The stories of the people who are changing the world\",\"publisher\":{\"@id\":\"https:\\\/\\\/theswitchers.eu\\\/fr\\\/#organization\"},\"potentialAction\":[{\"@type\":\"SearchAction\",\"target\":{\"@type\":\"EntryPoint\",\"urlTemplate\":\"https:\\\/\\\/theswitchers.eu\\\/fr\\\/?s={search_term_string}\"},\"query-input\":{\"@type\":\"PropertyValueSpecification\",\"valueRequired\":true,\"valueName\":\"search_term_string\"}}],\"inLanguage\":\"fr-FR\"},{\"@type\":\"Organization\",\"@id\":\"https:\\\/\\\/theswitchers.eu\\\/fr\\\/#organization\",\"name\":\"The Switchers\",\"url\":\"https:\\\/\\\/theswitchers.eu\\\/fr\\\/\",\"logo\":{\"@type\":\"ImageObject\",\"inLanguage\":\"fr-FR\",\"@id\":\"https:\\\/\\\/theswitchers.eu\\\/fr\\\/#\\\/schema\\\/logo\\\/image\\\/\",\"url\":\"https:\\\/\\\/theswitchers.eu\\\/wp-content\\\/uploads\\\/2017\\\/03\\\/switchmed_circle_small.jpg\",\"contentUrl\":\"https:\\\/\\\/theswitchers.eu\\\/wp-content\\\/uploads\\\/2017\\\/03\\\/switchmed_circle_small.jpg\",\"width\":87,\"height\":88,\"caption\":\"The Switchers\"},\"image\":{\"@id\":\"https:\\\/\\\/theswitchers.eu\\\/fr\\\/#\\\/schema\\\/logo\\\/image\\\/\"},\"sameAs\":[\"https:\\\/\\\/www.facebook.com\\\/wearetheswitchers\\\/\",\"https:\\\/\\\/x.com\\\/switchmed\",\"https:\\\/\\\/www.instagram.com\\\/theswitchers.eu\\\/\",\"https:\\\/\\\/www.linkedin.com\\\/groups\\\/8191541\",\"https:\\\/\\\/www.youtube.com\\\/channel\\\/UCzsiTQGcwZMM2ZvO8UKaihg\"]}]}<\/script>\n<!-- \/ Yoast SEO plugin. -->","yoast_head_json":{"title":"Notre \u00e9quipe - The Switchers","robots":{"index":"index","follow":"follow","max-snippet":"max-snippet:-1","max-image-preview":"max-image-preview:large","max-video-preview":"max-video-preview:-1"},"canonical":"https:\/\/theswitchers.eu\/fr\/our-team\/","og_locale":"fr_FR","og_type":"article","og_title":"Notre \u00e9quipe - The Switchers","og_description":"Depuis sa cr\u00e9ation en 2016, la communaut\u00e9 Switchers prosp\u00e8re gr\u00e2ce \u00e0 une \u00e9quipe passionn\u00e9e et en constante \u00e9volution qui joue un r\u00f4le vital dans la promotion des innovateurs verts \u00e0 travers la M\u00e9diterran\u00e9e. \u00c0 la t\u00eate de l&rsquo;\u00e9quipe se trouve actuellement (en 2024) Helena Busquet Comalat qui est responsable du projet. A ses c\u00f4t\u00e9s se [&hellip;]","og_url":"https:\/\/theswitchers.eu\/fr\/our-team\/","og_site_name":"The Switchers","article_publisher":"https:\/\/www.facebook.com\/wearetheswitchers\/","article_modified_time":"2024-04-30T12:17:39+00:00","og_image":[{"width":2560,"height":755,"url":"https:\/\/theswitchers.eu\/wp-content\/uploads\/2022\/01\/Press-release-Picture-scaled-e1642609296426.jpg","type":"image\/jpeg"}],"twitter_card":"summary_large_image","twitter_site":"@switchmed","twitter_misc":{"Dur\u00e9e de lecture estim\u00e9e":"1 minute"},"schema":{"@context":"https:\/\/schema.org","@graph":[{"@type":"WebPage","@id":"https:\/\/theswitchers.eu\/fr\/our-team\/","url":"https:\/\/theswitchers.eu\/fr\/our-team\/","name":"Notre \u00e9quipe - The Switchers","isPartOf":{"@id":"https:\/\/theswitchers.eu\/fr\/#website"},"primaryImageOfPage":{"@id":"https:\/\/theswitchers.eu\/fr\/our-team\/#primaryimage"},"image":{"@id":"https:\/\/theswitchers.eu\/fr\/our-team\/#primaryimage"},"thumbnailUrl":"https:\/\/theswitchers.eu\/wp-content\/uploads\/2022\/01\/Press-release-Picture-scaled-e1642609296426.jpg","datePublished":"2021-12-09T11:39:14+00:00","dateModified":"2024-04-30T12:17:39+00:00","breadcrumb":{"@id":"https:\/\/theswitchers.eu\/fr\/our-team\/#breadcrumb"},"inLanguage":"fr-FR","potentialAction":[{"@type":"ReadAction","target":["https:\/\/theswitchers.eu\/fr\/our-team\/"]}]},{"@type":"ImageObject","inLanguage":"fr-FR","@id":"https:\/\/theswitchers.eu\/fr\/our-team\/#primaryimage","url":"https:\/\/theswitchers.eu\/wp-content\/uploads\/2022\/01\/Press-release-Picture-scaled-e1642609296426.jpg","contentUrl":"https:\/\/theswitchers.eu\/wp-content\/uploads\/2022\/01\/Press-release-Picture-scaled-e1642609296426.jpg","width":2560,"height":755},{"@type":"BreadcrumbList","@id":"https:\/\/theswitchers.eu\/fr\/our-team\/#breadcrumb","itemListElement":[{"@type":"ListItem","position":1,"name":"Portada","item":"https:\/\/theswitchers.eu\/fr\/"},{"@type":"ListItem","position":2,"name":"Notre \u00e9quipe"}]},{"@type":"WebSite","@id":"https:\/\/theswitchers.eu\/fr\/#website","url":"https:\/\/theswitchers.eu\/fr\/","name":"The Switchers","description":"The stories of the people who are changing the world","publisher":{"@id":"https:\/\/theswitchers.eu\/fr\/#organization"},"potentialAction":[{"@type":"SearchAction","target":{"@type":"EntryPoint","urlTemplate":"https:\/\/theswitchers.eu\/fr\/?s={search_term_string}"},"query-input":{"@type":"PropertyValueSpecification","valueRequired":true,"valueName":"search_term_string"}}],"inLanguage":"fr-FR"},{"@type":"Organization","@id":"https:\/\/theswitchers.eu\/fr\/#organization","name":"The Switchers","url":"https:\/\/theswitchers.eu\/fr\/","logo":{"@type":"ImageObject","inLanguage":"fr-FR","@id":"https:\/\/theswitchers.eu\/fr\/#\/schema\/logo\/image\/","url":"https:\/\/theswitchers.eu\/wp-content\/uploads\/2017\/03\/switchmed_circle_small.jpg","contentUrl":"https:\/\/theswitchers.eu\/wp-content\/uploads\/2017\/03\/switchmed_circle_small.jpg","width":87,"height":88,"caption":"The Switchers"},"image":{"@id":"https:\/\/theswitchers.eu\/fr\/#\/schema\/logo\/image\/"},"sameAs":["https:\/\/www.facebook.com\/wearetheswitchers\/","https:\/\/x.com\/switchmed","https:\/\/www.instagram.com\/theswitchers.eu\/","https:\/\/www.linkedin.com\/groups\/8191541","https:\/\/www.youtube.com\/channel\/UCzsiTQGcwZMM2ZvO8UKaihg"]}]}},"_links":{"self":[{"href":"https:\/\/theswitchers.eu\/fr\/wp-json\/wp\/v2\/pages\/11688","targetHints":{"allow":["GET"]}}],"collection":[{"href":"https:\/\/theswitchers.eu\/fr\/wp-json\/wp\/v2\/pages"}],"about":[{"href":"https:\/\/theswitchers.eu\/fr\/wp-json\/wp\/v2\/types\/page"}],"author":[{"embeddable":true,"href":"https:\/\/theswitchers.eu\/fr\/wp-json\/wp\/v2\/users\/1"}],"replies":[{"embeddable":true,"href":"https:\/\/theswitchers.eu\/fr\/wp-json\/wp\/v2\/comments?post=11688"}],"version-history":[{"count":11,"href":"https:\/\/theswitchers.eu\/fr\/wp-json\/wp\/v2\/pages\/11688\/revisions"}],"predecessor-version":[{"id":12731,"href":"https:\/\/theswitchers.eu\/fr\/wp-json\/wp\/v2\/pages\/11688\/revisions\/12731"}],"wp:featuredmedia":[{"embeddable":true,"href":"https:\/\/theswitchers.eu\/fr\/wp-json\/wp\/v2\/media\/11228"}],"wp:attachment":[{"href":"https:\/\/theswitchers.eu\/fr\/wp-json\/wp\/v2\/media?parent=11688"}],"curies":[{"name":"wp","href":"https:\/\/api.w.org\/{rel}","templated":true}]}}