{"id":11690,"date":"2021-12-09T11:42:14","date_gmt":"2021-12-09T11:42:14","guid":{"rendered":"https:\/\/theswitchers.eu\/entry-requirements\/"},"modified":"2024-05-01T05:24:52","modified_gmt":"2024-05-01T05:24:52","slug":"entry-requirements","status":"publish","type":"page","link":"https:\/\/theswitchers.eu\/fr\/entry-requirements\/","title":{"rendered":"Droits et Devoirs"},"content":{"rendered":"<ul>\n<li class=\"lRu31\" dir=\"ltr\"><span class=\"HwtZe\" lang=\"fr\"><span class=\"jCAhz ChMk0b\"><span class=\"ryNqvb\">Chaque membre de la Communaut\u00e9 a le droit de recevoir des informations sur les opportunit\u00e9s de financement.<\/span><\/span> <span class=\"jCAhz ChMk0b\"><span class=\"ryNqvb\">Recevez une liste organis\u00e9e d&rsquo;opportunit\u00e9s livr\u00e9es directement dans votre bo\u00eete de r\u00e9ception ou dans le groupe FB priv\u00e9.<\/span><\/span> <span class=\"jCAhz ChMk0b\"><span class=\"ryNqvb\">Nous parcourons les sites Web et les r\u00e9seaux sociaux pour trouver les opportunit\u00e9s parfaites pour vous, adapt\u00e9es \u00e0 votre pays et \u00e0 votre secteur d&rsquo;activit\u00e9.<\/span><\/span> <\/span><\/li>\n<\/ul>\n<p>&nbsp;<\/p>\n<ul>\n<li class=\"lRu31\" dir=\"ltr\"><span class=\"HwtZe\" lang=\"fr\"><span class=\"jCAhz ChMk0b\"><span class=\"ryNqvb\">Chaque membre de la Communaut\u00e9 a le droit d&rsquo;\u00eatre invit\u00e9 aux \u00e9v\u00e9nements internationaux de l&rsquo;\u00e9conomie circulaire.<\/span><\/span> <span class=\"jCAhz ChMk0b\"><span class=\"ryNqvb\">En tant qu&rsquo;organisation leader en mati\u00e8re de d\u00e9veloppement durable, nous collaborons avec des organisations prestigieuses qui offrent des opportunit\u00e9s passionnantes \u00e0 nos b\u00e9n\u00e9ficiaires.<\/span><\/span> <span class=\"jCAhz ChMk0b\"><span class=\"ryNqvb\">Imaginez ceci\u00a0: vous partagerez l&rsquo;histoire de votre entreprise verte lors d&rsquo;\u00e9v\u00e9nements prestigieux, gagnant ainsi une visibilit\u00e9 et des connexions internationales tout en couvrant les d\u00e9placements et l&rsquo;h\u00e9bergement.<\/span><\/span> <span class=\"jCAhz ChMk0b\"><span class=\"ryNqvb\">Nous recherchons activement ces opportunit\u00e9s et vous contactons directement lorsqu&rsquo;une correspondance parfaite se pr\u00e9sente.<\/span><\/span> <\/span><\/li>\n<\/ul>\n<p>&nbsp;<\/p>\n<ul>\n<li class=\"lRu31\" dir=\"ltr\"><span class=\"HwtZe\" lang=\"fr\"><span class=\"jCAhz ChMk0b\"><span class=\"ryNqvb\">Chaque membre de la Communaut\u00e9 a le devoir d&rsquo;afficher le logo de la Communaut\u00e9 sur sa page Web.<\/span><\/span> <span class=\"jCAhz ChMk0b\"><span class=\"ryNqvb\">Vous vous d\u00e9marquerez comme un pionnier de l\u2019\u00e9conomie circulaire en M\u00e9diterran\u00e9e et attirerez des collaborateurs potentiels.<\/span><\/span> <\/span><\/li>\n<\/ul>\n<p>&nbsp;<\/p>\n<ul>\n<li class=\"lRu31\" dir=\"ltr\"><span class=\"HwtZe\" lang=\"fr\"><span class=\"jCAhz ChMk0b\"><span class=\"ryNqvb\">Chaque membre de la Communaut\u00e9 a le devoir de mentionner la Communaut\u00e9 s&rsquo;il a \u00e9t\u00e9 invit\u00e9 \u00e0 un \u00e9v\u00e9nement pour repr\u00e9senter la Communaut\u00e9.<\/span><\/span> <\/span><\/li>\n<\/ul>\n<p>&nbsp;<\/p>\n<ul>\n<li class=\"lRu31\" dir=\"ltr\"><span class=\"HwtZe\" lang=\"fr\"><span class=\"jCAhz ChMk0b\"><span class=\"ryNqvb\">Chaque membre de la Communaut\u00e9 a le devoir de participer activement \u00e0 la Communaut\u00e9, en partageant ses activit\u00e9s, en assurant la liaison avec les autres membres ou en partageant toute information susceptible de potentiellement int\u00e9resser les autres membres.<\/span><\/span><\/span>\n<div class=\"OvtS8d\"><\/div>\n<\/li>\n<\/ul>\n<p>&nbsp;<\/p>\n<p><span class=\"EOP SCXW115705200 BCX0\" data-ccp-props=\"{&quot;201341983&quot;:0,&quot;335551550&quot;:6,&quot;335551620&quot;:6,&quot;335559739&quot;:160,&quot;335559740&quot;:259}\"><img loading=\"lazy\" decoding=\"async\" class=\"aligncenter wp-image-11412 size-large\" src=\"https:\/\/theswitchers.eu\/wp-content\/uploads\/2022\/02\/pexels-cytonn-photography-955395-1440x961.jpg\" alt=\"\" width=\"800\" height=\"534\" srcset=\"https:\/\/theswitchers.eu\/wp-content\/uploads\/2022\/02\/pexels-cytonn-photography-955395-1440x961.jpg 1440w, https:\/\/theswitchers.eu\/wp-content\/uploads\/2022\/02\/pexels-cytonn-photography-955395-1536x1025.jpg 1536w, https:\/\/theswitchers.eu\/wp-content\/uploads\/2022\/02\/pexels-cytonn-photography-955395-2048x1367.jpg 2048w\" sizes=\"auto, (max-width: 800px) 100vw, 800px\" \/><\/span><\/p>\n","protected":false},"excerpt":{"rendered":"<p>Chaque membre de la Communaut\u00e9 a le droit de recevoir des informations sur les opportunit\u00e9s de financement. Recevez une liste organis\u00e9e d&rsquo;opportunit\u00e9s livr\u00e9es directement dans votre bo\u00eete de r\u00e9ception ou dans le groupe FB priv\u00e9. Nous parcourons les sites Web et les r\u00e9seaux sociaux pour trouver les opportunit\u00e9s parfaites pour vous, adapt\u00e9es \u00e0 votre pays [&hellip;]<\/p>\n","protected":false},"author":1,"featured_media":11419,"parent":0,"menu_order":0,"comment_status":"closed","ping_status":"closed","template":"","meta":{"_acf_changed":false,"_relevanssi_hide_post":"","_relevanssi_hide_content":"","_relevanssi_pin_for_all":"","_relevanssi_pin_keywords":"","_relevanssi_unpin_keywords":"","_relevanssi_related_keywords":"","_relevanssi_related_include_ids":"","_relevanssi_related_exclude_ids":"","_relevanssi_related_no_append":"","_relevanssi_related_not_related":"","_relevanssi_related_posts":"","_relevanssi_noindex_reason":"","_monsterinsights_skip_tracking":false,"_monsterinsights_sitenote_active":false,"_monsterinsights_sitenote_note":"","_monsterinsights_sitenote_category":0,"footnotes":""},"class_list":["post-11690","page","type-page","status-publish","has-post-thumbnail","hentry"],"acf":[],"yoast_head":"<!-- This site is optimized with the Yoast SEO plugin v27.3 - https:\/\/yoast.com\/product\/yoast-seo-wordpress\/ -->\n<title>Droits et Devoirs - The Switchers<\/title>\n<meta name=\"robots\" content=\"index, follow, max-snippet:-1, max-image-preview:large, max-video-preview:-1\" \/>\n<link rel=\"canonical\" href=\"https:\/\/theswitchers.eu\/fr\/entry-requirements\/\" \/>\n<meta property=\"og:locale\" content=\"fr_FR\" \/>\n<meta property=\"og:type\" content=\"article\" \/>\n<meta property=\"og:title\" content=\"Droits et Devoirs - The Switchers\" \/>\n<meta property=\"og:description\" content=\"Chaque membre de la Communaut\u00e9 a le droit de recevoir des informations sur les opportunit\u00e9s de financement. Recevez une liste organis\u00e9e d&rsquo;opportunit\u00e9s livr\u00e9es directement dans votre bo\u00eete de r\u00e9ception ou dans le groupe FB priv\u00e9. Nous parcourons les sites Web et les r\u00e9seaux sociaux pour trouver les opportunit\u00e9s parfaites pour vous, adapt\u00e9es \u00e0 votre pays [&hellip;]\" \/>\n<meta property=\"og:url\" content=\"https:\/\/theswitchers.eu\/fr\/entry-requirements\/\" \/>\n<meta property=\"og:site_name\" content=\"The Switchers\" \/>\n<meta property=\"article:publisher\" content=\"https:\/\/www.facebook.com\/wearetheswitchers\/\" \/>\n<meta property=\"article:modified_time\" content=\"2024-05-01T05:24:52+00:00\" \/>\n<meta property=\"og:image\" content=\"https:\/\/theswitchers.eu\/wp-content\/uploads\/2022\/02\/pexels-polina-zimmerman-3782226-scaled.jpg\" \/>\n\t<meta property=\"og:image:width\" content=\"1707\" \/>\n\t<meta property=\"og:image:height\" content=\"2560\" \/>\n\t<meta property=\"og:image:type\" content=\"image\/jpeg\" \/>\n<meta name=\"twitter:card\" content=\"summary_large_image\" \/>\n<meta name=\"twitter:site\" content=\"@switchmed\" \/>\n<meta name=\"twitter:label1\" content=\"Dur\u00e9e de lecture estim\u00e9e\" \/>\n\t<meta name=\"twitter:data1\" content=\"2 minutes\" \/>\n<script type=\"application\/ld+json\" class=\"yoast-schema-graph\">{\"@context\":\"https:\\\/\\\/schema.org\",\"@graph\":[{\"@type\":\"WebPage\",\"@id\":\"https:\\\/\\\/theswitchers.eu\\\/fr\\\/entry-requirements\\\/\",\"url\":\"https:\\\/\\\/theswitchers.eu\\\/fr\\\/entry-requirements\\\/\",\"name\":\"Droits et Devoirs - The Switchers\",\"isPartOf\":{\"@id\":\"https:\\\/\\\/theswitchers.eu\\\/fr\\\/#website\"},\"primaryImageOfPage\":{\"@id\":\"https:\\\/\\\/theswitchers.eu\\\/fr\\\/entry-requirements\\\/#primaryimage\"},\"image\":{\"@id\":\"https:\\\/\\\/theswitchers.eu\\\/fr\\\/entry-requirements\\\/#primaryimage\"},\"thumbnailUrl\":\"https:\\\/\\\/theswitchers.eu\\\/wp-content\\\/uploads\\\/2022\\\/02\\\/pexels-polina-zimmerman-3782226-scaled.jpg\",\"datePublished\":\"2021-12-09T11:42:14+00:00\",\"dateModified\":\"2024-05-01T05:24:52+00:00\",\"breadcrumb\":{\"@id\":\"https:\\\/\\\/theswitchers.eu\\\/fr\\\/entry-requirements\\\/#breadcrumb\"},\"inLanguage\":\"fr-FR\",\"potentialAction\":[{\"@type\":\"ReadAction\",\"target\":[\"https:\\\/\\\/theswitchers.eu\\\/fr\\\/entry-requirements\\\/\"]}]},{\"@type\":\"ImageObject\",\"inLanguage\":\"fr-FR\",\"@id\":\"https:\\\/\\\/theswitchers.eu\\\/fr\\\/entry-requirements\\\/#primaryimage\",\"url\":\"https:\\\/\\\/theswitchers.eu\\\/wp-content\\\/uploads\\\/2022\\\/02\\\/pexels-polina-zimmerman-3782226-scaled.jpg\",\"contentUrl\":\"https:\\\/\\\/theswitchers.eu\\\/wp-content\\\/uploads\\\/2022\\\/02\\\/pexels-polina-zimmerman-3782226-scaled.jpg\",\"width\":1707,\"height\":2560},{\"@type\":\"BreadcrumbList\",\"@id\":\"https:\\\/\\\/theswitchers.eu\\\/fr\\\/entry-requirements\\\/#breadcrumb\",\"itemListElement\":[{\"@type\":\"ListItem\",\"position\":1,\"name\":\"Portada\",\"item\":\"https:\\\/\\\/theswitchers.eu\\\/fr\\\/\"},{\"@type\":\"ListItem\",\"position\":2,\"name\":\"Droits et Devoirs\"}]},{\"@type\":\"WebSite\",\"@id\":\"https:\\\/\\\/theswitchers.eu\\\/fr\\\/#website\",\"url\":\"https:\\\/\\\/theswitchers.eu\\\/fr\\\/\",\"name\":\"The Switchers\",\"description\":\"The stories of the people who are changing the world\",\"publisher\":{\"@id\":\"https:\\\/\\\/theswitchers.eu\\\/fr\\\/#organization\"},\"potentialAction\":[{\"@type\":\"SearchAction\",\"target\":{\"@type\":\"EntryPoint\",\"urlTemplate\":\"https:\\\/\\\/theswitchers.eu\\\/fr\\\/?s={search_term_string}\"},\"query-input\":{\"@type\":\"PropertyValueSpecification\",\"valueRequired\":true,\"valueName\":\"search_term_string\"}}],\"inLanguage\":\"fr-FR\"},{\"@type\":\"Organization\",\"@id\":\"https:\\\/\\\/theswitchers.eu\\\/fr\\\/#organization\",\"name\":\"The Switchers\",\"url\":\"https:\\\/\\\/theswitchers.eu\\\/fr\\\/\",\"logo\":{\"@type\":\"ImageObject\",\"inLanguage\":\"fr-FR\",\"@id\":\"https:\\\/\\\/theswitchers.eu\\\/fr\\\/#\\\/schema\\\/logo\\\/image\\\/\",\"url\":\"https:\\\/\\\/theswitchers.eu\\\/wp-content\\\/uploads\\\/2017\\\/03\\\/switchmed_circle_small.jpg\",\"contentUrl\":\"https:\\\/\\\/theswitchers.eu\\\/wp-content\\\/uploads\\\/2017\\\/03\\\/switchmed_circle_small.jpg\",\"width\":87,\"height\":88,\"caption\":\"The Switchers\"},\"image\":{\"@id\":\"https:\\\/\\\/theswitchers.eu\\\/fr\\\/#\\\/schema\\\/logo\\\/image\\\/\"},\"sameAs\":[\"https:\\\/\\\/www.facebook.com\\\/wearetheswitchers\\\/\",\"https:\\\/\\\/x.com\\\/switchmed\",\"https:\\\/\\\/www.instagram.com\\\/theswitchers.eu\\\/\",\"https:\\\/\\\/www.linkedin.com\\\/groups\\\/8191541\",\"https:\\\/\\\/www.youtube.com\\\/channel\\\/UCzsiTQGcwZMM2ZvO8UKaihg\"]}]}<\/script>\n<!-- \/ Yoast SEO plugin. -->","yoast_head_json":{"title":"Droits et Devoirs - The Switchers","robots":{"index":"index","follow":"follow","max-snippet":"max-snippet:-1","max-image-preview":"max-image-preview:large","max-video-preview":"max-video-preview:-1"},"canonical":"https:\/\/theswitchers.eu\/fr\/entry-requirements\/","og_locale":"fr_FR","og_type":"article","og_title":"Droits et Devoirs - The Switchers","og_description":"Chaque membre de la Communaut\u00e9 a le droit de recevoir des informations sur les opportunit\u00e9s de financement. Recevez une liste organis\u00e9e d&rsquo;opportunit\u00e9s livr\u00e9es directement dans votre bo\u00eete de r\u00e9ception ou dans le groupe FB priv\u00e9. Nous parcourons les sites Web et les r\u00e9seaux sociaux pour trouver les opportunit\u00e9s parfaites pour vous, adapt\u00e9es \u00e0 votre pays [&hellip;]","og_url":"https:\/\/theswitchers.eu\/fr\/entry-requirements\/","og_site_name":"The Switchers","article_publisher":"https:\/\/www.facebook.com\/wearetheswitchers\/","article_modified_time":"2024-05-01T05:24:52+00:00","og_image":[{"width":1707,"height":2560,"url":"https:\/\/theswitchers.eu\/wp-content\/uploads\/2022\/02\/pexels-polina-zimmerman-3782226-scaled.jpg","type":"image\/jpeg"}],"twitter_card":"summary_large_image","twitter_site":"@switchmed","twitter_misc":{"Dur\u00e9e de lecture estim\u00e9e":"2 minutes"},"schema":{"@context":"https:\/\/schema.org","@graph":[{"@type":"WebPage","@id":"https:\/\/theswitchers.eu\/fr\/entry-requirements\/","url":"https:\/\/theswitchers.eu\/fr\/entry-requirements\/","name":"Droits et Devoirs - The Switchers","isPartOf":{"@id":"https:\/\/theswitchers.eu\/fr\/#website"},"primaryImageOfPage":{"@id":"https:\/\/theswitchers.eu\/fr\/entry-requirements\/#primaryimage"},"image":{"@id":"https:\/\/theswitchers.eu\/fr\/entry-requirements\/#primaryimage"},"thumbnailUrl":"https:\/\/theswitchers.eu\/wp-content\/uploads\/2022\/02\/pexels-polina-zimmerman-3782226-scaled.jpg","datePublished":"2021-12-09T11:42:14+00:00","dateModified":"2024-05-01T05:24:52+00:00","breadcrumb":{"@id":"https:\/\/theswitchers.eu\/fr\/entry-requirements\/#breadcrumb"},"inLanguage":"fr-FR","potentialAction":[{"@type":"ReadAction","target":["https:\/\/theswitchers.eu\/fr\/entry-requirements\/"]}]},{"@type":"ImageObject","inLanguage":"fr-FR","@id":"https:\/\/theswitchers.eu\/fr\/entry-requirements\/#primaryimage","url":"https:\/\/theswitchers.eu\/wp-content\/uploads\/2022\/02\/pexels-polina-zimmerman-3782226-scaled.jpg","contentUrl":"https:\/\/theswitchers.eu\/wp-content\/uploads\/2022\/02\/pexels-polina-zimmerman-3782226-scaled.jpg","width":1707,"height":2560},{"@type":"BreadcrumbList","@id":"https:\/\/theswitchers.eu\/fr\/entry-requirements\/#breadcrumb","itemListElement":[{"@type":"ListItem","position":1,"name":"Portada","item":"https:\/\/theswitchers.eu\/fr\/"},{"@type":"ListItem","position":2,"name":"Droits et Devoirs"}]},{"@type":"WebSite","@id":"https:\/\/theswitchers.eu\/fr\/#website","url":"https:\/\/theswitchers.eu\/fr\/","name":"The Switchers","description":"The stories of the people who are changing the world","publisher":{"@id":"https:\/\/theswitchers.eu\/fr\/#organization"},"potentialAction":[{"@type":"SearchAction","target":{"@type":"EntryPoint","urlTemplate":"https:\/\/theswitchers.eu\/fr\/?s={search_term_string}"},"query-input":{"@type":"PropertyValueSpecification","valueRequired":true,"valueName":"search_term_string"}}],"inLanguage":"fr-FR"},{"@type":"Organization","@id":"https:\/\/theswitchers.eu\/fr\/#organization","name":"The Switchers","url":"https:\/\/theswitchers.eu\/fr\/","logo":{"@type":"ImageObject","inLanguage":"fr-FR","@id":"https:\/\/theswitchers.eu\/fr\/#\/schema\/logo\/image\/","url":"https:\/\/theswitchers.eu\/wp-content\/uploads\/2017\/03\/switchmed_circle_small.jpg","contentUrl":"https:\/\/theswitchers.eu\/wp-content\/uploads\/2017\/03\/switchmed_circle_small.jpg","width":87,"height":88,"caption":"The Switchers"},"image":{"@id":"https:\/\/theswitchers.eu\/fr\/#\/schema\/logo\/image\/"},"sameAs":["https:\/\/www.facebook.com\/wearetheswitchers\/","https:\/\/x.com\/switchmed","https:\/\/www.instagram.com\/theswitchers.eu\/","https:\/\/www.linkedin.com\/groups\/8191541","https:\/\/www.youtube.com\/channel\/UCzsiTQGcwZMM2ZvO8UKaihg"]}]}},"_links":{"self":[{"href":"https:\/\/theswitchers.eu\/fr\/wp-json\/wp\/v2\/pages\/11690","targetHints":{"allow":["GET"]}}],"collection":[{"href":"https:\/\/theswitchers.eu\/fr\/wp-json\/wp\/v2\/pages"}],"about":[{"href":"https:\/\/theswitchers.eu\/fr\/wp-json\/wp\/v2\/types\/page"}],"author":[{"embeddable":true,"href":"https:\/\/theswitchers.eu\/fr\/wp-json\/wp\/v2\/users\/1"}],"replies":[{"embeddable":true,"href":"https:\/\/theswitchers.eu\/fr\/wp-json\/wp\/v2\/comments?post=11690"}],"version-history":[{"count":4,"href":"https:\/\/theswitchers.eu\/fr\/wp-json\/wp\/v2\/pages\/11690\/revisions"}],"predecessor-version":[{"id":12744,"href":"https:\/\/theswitchers.eu\/fr\/wp-json\/wp\/v2\/pages\/11690\/revisions\/12744"}],"wp:featuredmedia":[{"embeddable":true,"href":"https:\/\/theswitchers.eu\/fr\/wp-json\/wp\/v2\/media\/11419"}],"wp:attachment":[{"href":"https:\/\/theswitchers.eu\/fr\/wp-json\/wp\/v2\/media?parent=11690"}],"curies":[{"name":"wp","href":"https:\/\/api.w.org\/{rel}","templated":true}]}}