{"id":11691,"date":"2022-06-07T14:25:07","date_gmt":"2022-06-07T14:25:07","guid":{"rendered":"https:\/\/theswitchers.eu\/the-switchers-talks-2022\/"},"modified":"2024-04-25T10:16:45","modified_gmt":"2024-04-25T10:16:45","slug":"the-switchers-talks-2022","status":"publish","type":"page","link":"https:\/\/theswitchers.eu\/fr\/the-switchers-talks-2022\/","title":{"rendered":"The Switchers Talks"},"content":{"rendered":"<p><span class=\"HwtZe\" lang=\"fr\"><span class=\"jCAhz ChMk0b\"><span class=\"ryNqvb\">Les Switchers Talks sont un \u00e9v\u00e9nement en ligne qui vise \u00e0 informer la communaut\u00e9 Switchers des changements introduits dans la communaut\u00e9 au cours de l&rsquo;ann\u00e9e derni\u00e8re.<\/span><\/span> <span class=\"jCAhz ChMk0b\"><span class=\"ryNqvb\">Lors de cet \u00e9v\u00e9nement, nous proposons \u00e9galement une MasterClass \u00e0 la Communaut\u00e9.<\/span><\/span> <\/span><\/p>\n<p><span class=\"HwtZe\" lang=\"fr\"><span class=\"jCAhz ChMk0b\"><span class=\"ryNqvb\">Cette Masterclass serait anim\u00e9e par EVPA et se d\u00e9roulerait dans le cadre de l&rsquo;accord entre cette organisation et MedWaves (ancien SCP\/RAC).<\/span><\/span><\/span><\/p>\n","protected":false},"excerpt":{"rendered":"<p>Les Switchers Talks sont un \u00e9v\u00e9nement en ligne qui vise \u00e0 informer la communaut\u00e9 Switchers des changements introduits dans la communaut\u00e9 au cours de l&rsquo;ann\u00e9e derni\u00e8re. Lors de cet \u00e9v\u00e9nement, nous proposons \u00e9galement une MasterClass \u00e0 la Communaut\u00e9. Cette Masterclass serait anim\u00e9e par EVPA et se d\u00e9roulerait dans le cadre de l&rsquo;accord entre cette organisation [&hellip;]<\/p>\n","protected":false},"author":1,"featured_media":0,"parent":0,"menu_order":0,"comment_status":"closed","ping_status":"closed","template":"talks.php","meta":{"_acf_changed":false,"_relevanssi_hide_post":"","_relevanssi_hide_content":"","_relevanssi_pin_for_all":"","_relevanssi_pin_keywords":"","_relevanssi_unpin_keywords":"","_relevanssi_related_keywords":"","_relevanssi_related_include_ids":"","_relevanssi_related_exclude_ids":"","_relevanssi_related_no_append":"","_relevanssi_related_not_related":"","_relevanssi_related_posts":"","_relevanssi_noindex_reason":"","_monsterinsights_skip_tracking":false,"_monsterinsights_sitenote_active":false,"_monsterinsights_sitenote_note":"","_monsterinsights_sitenote_category":0,"footnotes":""},"class_list":["post-11691","page","type-page","status-publish","hentry"],"acf":[],"yoast_head":"<!-- This site is optimized with the Yoast SEO plugin v27.3 - https:\/\/yoast.com\/product\/yoast-seo-wordpress\/ -->\n<title>The Switchers Talks - The Switchers<\/title>\n<meta name=\"robots\" content=\"index, follow, max-snippet:-1, max-image-preview:large, max-video-preview:-1\" \/>\n<link rel=\"canonical\" href=\"https:\/\/theswitchers.eu\/fr\/the-switchers-talks-2022\/\" \/>\n<meta property=\"og:locale\" content=\"fr_FR\" \/>\n<meta property=\"og:type\" content=\"article\" \/>\n<meta property=\"og:title\" content=\"The Switchers Talks - The Switchers\" \/>\n<meta property=\"og:description\" content=\"Les Switchers Talks sont un \u00e9v\u00e9nement en ligne qui vise \u00e0 informer la communaut\u00e9 Switchers des changements introduits dans la communaut\u00e9 au cours de l&rsquo;ann\u00e9e derni\u00e8re. Lors de cet \u00e9v\u00e9nement, nous proposons \u00e9galement une MasterClass \u00e0 la Communaut\u00e9. Cette Masterclass serait anim\u00e9e par EVPA et se d\u00e9roulerait dans le cadre de l&rsquo;accord entre cette organisation [&hellip;]\" \/>\n<meta property=\"og:url\" content=\"https:\/\/theswitchers.eu\/fr\/the-switchers-talks-2022\/\" \/>\n<meta property=\"og:site_name\" content=\"The Switchers\" \/>\n<meta property=\"article:publisher\" content=\"https:\/\/www.facebook.com\/wearetheswitchers\/\" \/>\n<meta property=\"article:modified_time\" content=\"2024-04-25T10:16:45+00:00\" \/>\n<meta name=\"twitter:card\" content=\"summary_large_image\" \/>\n<meta name=\"twitter:site\" content=\"@switchmed\" \/>\n<meta name=\"twitter:label1\" content=\"Dur\u00e9e de lecture estim\u00e9e\" \/>\n\t<meta name=\"twitter:data1\" content=\"1 minute\" \/>\n<script type=\"application\/ld+json\" class=\"yoast-schema-graph\">{\"@context\":\"https:\\\/\\\/schema.org\",\"@graph\":[{\"@type\":\"WebPage\",\"@id\":\"https:\\\/\\\/theswitchers.eu\\\/fr\\\/the-switchers-talks-2022\\\/\",\"url\":\"https:\\\/\\\/theswitchers.eu\\\/fr\\\/the-switchers-talks-2022\\\/\",\"name\":\"The Switchers Talks - The Switchers\",\"isPartOf\":{\"@id\":\"https:\\\/\\\/theswitchers.eu\\\/fr\\\/#website\"},\"datePublished\":\"2022-06-07T14:25:07+00:00\",\"dateModified\":\"2024-04-25T10:16:45+00:00\",\"breadcrumb\":{\"@id\":\"https:\\\/\\\/theswitchers.eu\\\/fr\\\/the-switchers-talks-2022\\\/#breadcrumb\"},\"inLanguage\":\"fr-FR\",\"potentialAction\":[{\"@type\":\"ReadAction\",\"target\":[\"https:\\\/\\\/theswitchers.eu\\\/fr\\\/the-switchers-talks-2022\\\/\"]}]},{\"@type\":\"BreadcrumbList\",\"@id\":\"https:\\\/\\\/theswitchers.eu\\\/fr\\\/the-switchers-talks-2022\\\/#breadcrumb\",\"itemListElement\":[{\"@type\":\"ListItem\",\"position\":1,\"name\":\"Portada\",\"item\":\"https:\\\/\\\/theswitchers.eu\\\/fr\\\/\"},{\"@type\":\"ListItem\",\"position\":2,\"name\":\"The Switchers Talks\"}]},{\"@type\":\"WebSite\",\"@id\":\"https:\\\/\\\/theswitchers.eu\\\/fr\\\/#website\",\"url\":\"https:\\\/\\\/theswitchers.eu\\\/fr\\\/\",\"name\":\"The Switchers\",\"description\":\"The stories of the people who are changing the world\",\"publisher\":{\"@id\":\"https:\\\/\\\/theswitchers.eu\\\/fr\\\/#organization\"},\"potentialAction\":[{\"@type\":\"SearchAction\",\"target\":{\"@type\":\"EntryPoint\",\"urlTemplate\":\"https:\\\/\\\/theswitchers.eu\\\/fr\\\/?s={search_term_string}\"},\"query-input\":{\"@type\":\"PropertyValueSpecification\",\"valueRequired\":true,\"valueName\":\"search_term_string\"}}],\"inLanguage\":\"fr-FR\"},{\"@type\":\"Organization\",\"@id\":\"https:\\\/\\\/theswitchers.eu\\\/fr\\\/#organization\",\"name\":\"The Switchers\",\"url\":\"https:\\\/\\\/theswitchers.eu\\\/fr\\\/\",\"logo\":{\"@type\":\"ImageObject\",\"inLanguage\":\"fr-FR\",\"@id\":\"https:\\\/\\\/theswitchers.eu\\\/fr\\\/#\\\/schema\\\/logo\\\/image\\\/\",\"url\":\"https:\\\/\\\/theswitchers.eu\\\/wp-content\\\/uploads\\\/2017\\\/03\\\/switchmed_circle_small.jpg\",\"contentUrl\":\"https:\\\/\\\/theswitchers.eu\\\/wp-content\\\/uploads\\\/2017\\\/03\\\/switchmed_circle_small.jpg\",\"width\":87,\"height\":88,\"caption\":\"The Switchers\"},\"image\":{\"@id\":\"https:\\\/\\\/theswitchers.eu\\\/fr\\\/#\\\/schema\\\/logo\\\/image\\\/\"},\"sameAs\":[\"https:\\\/\\\/www.facebook.com\\\/wearetheswitchers\\\/\",\"https:\\\/\\\/x.com\\\/switchmed\",\"https:\\\/\\\/www.instagram.com\\\/theswitchers.eu\\\/\",\"https:\\\/\\\/www.linkedin.com\\\/groups\\\/8191541\",\"https:\\\/\\\/www.youtube.com\\\/channel\\\/UCzsiTQGcwZMM2ZvO8UKaihg\"]}]}<\/script>\n<!-- \/ Yoast SEO plugin. -->","yoast_head_json":{"title":"The Switchers Talks - The Switchers","robots":{"index":"index","follow":"follow","max-snippet":"max-snippet:-1","max-image-preview":"max-image-preview:large","max-video-preview":"max-video-preview:-1"},"canonical":"https:\/\/theswitchers.eu\/fr\/the-switchers-talks-2022\/","og_locale":"fr_FR","og_type":"article","og_title":"The Switchers Talks - The Switchers","og_description":"Les Switchers Talks sont un \u00e9v\u00e9nement en ligne qui vise \u00e0 informer la communaut\u00e9 Switchers des changements introduits dans la communaut\u00e9 au cours de l&rsquo;ann\u00e9e derni\u00e8re. Lors de cet \u00e9v\u00e9nement, nous proposons \u00e9galement une MasterClass \u00e0 la Communaut\u00e9. Cette Masterclass serait anim\u00e9e par EVPA et se d\u00e9roulerait dans le cadre de l&rsquo;accord entre cette organisation [&hellip;]","og_url":"https:\/\/theswitchers.eu\/fr\/the-switchers-talks-2022\/","og_site_name":"The Switchers","article_publisher":"https:\/\/www.facebook.com\/wearetheswitchers\/","article_modified_time":"2024-04-25T10:16:45+00:00","twitter_card":"summary_large_image","twitter_site":"@switchmed","twitter_misc":{"Dur\u00e9e de lecture estim\u00e9e":"1 minute"},"schema":{"@context":"https:\/\/schema.org","@graph":[{"@type":"WebPage","@id":"https:\/\/theswitchers.eu\/fr\/the-switchers-talks-2022\/","url":"https:\/\/theswitchers.eu\/fr\/the-switchers-talks-2022\/","name":"The Switchers Talks - The Switchers","isPartOf":{"@id":"https:\/\/theswitchers.eu\/fr\/#website"},"datePublished":"2022-06-07T14:25:07+00:00","dateModified":"2024-04-25T10:16:45+00:00","breadcrumb":{"@id":"https:\/\/theswitchers.eu\/fr\/the-switchers-talks-2022\/#breadcrumb"},"inLanguage":"fr-FR","potentialAction":[{"@type":"ReadAction","target":["https:\/\/theswitchers.eu\/fr\/the-switchers-talks-2022\/"]}]},{"@type":"BreadcrumbList","@id":"https:\/\/theswitchers.eu\/fr\/the-switchers-talks-2022\/#breadcrumb","itemListElement":[{"@type":"ListItem","position":1,"name":"Portada","item":"https:\/\/theswitchers.eu\/fr\/"},{"@type":"ListItem","position":2,"name":"The Switchers Talks"}]},{"@type":"WebSite","@id":"https:\/\/theswitchers.eu\/fr\/#website","url":"https:\/\/theswitchers.eu\/fr\/","name":"The Switchers","description":"The stories of the people who are changing the world","publisher":{"@id":"https:\/\/theswitchers.eu\/fr\/#organization"},"potentialAction":[{"@type":"SearchAction","target":{"@type":"EntryPoint","urlTemplate":"https:\/\/theswitchers.eu\/fr\/?s={search_term_string}"},"query-input":{"@type":"PropertyValueSpecification","valueRequired":true,"valueName":"search_term_string"}}],"inLanguage":"fr-FR"},{"@type":"Organization","@id":"https:\/\/theswitchers.eu\/fr\/#organization","name":"The Switchers","url":"https:\/\/theswitchers.eu\/fr\/","logo":{"@type":"ImageObject","inLanguage":"fr-FR","@id":"https:\/\/theswitchers.eu\/fr\/#\/schema\/logo\/image\/","url":"https:\/\/theswitchers.eu\/wp-content\/uploads\/2017\/03\/switchmed_circle_small.jpg","contentUrl":"https:\/\/theswitchers.eu\/wp-content\/uploads\/2017\/03\/switchmed_circle_small.jpg","width":87,"height":88,"caption":"The Switchers"},"image":{"@id":"https:\/\/theswitchers.eu\/fr\/#\/schema\/logo\/image\/"},"sameAs":["https:\/\/www.facebook.com\/wearetheswitchers\/","https:\/\/x.com\/switchmed","https:\/\/www.instagram.com\/theswitchers.eu\/","https:\/\/www.linkedin.com\/groups\/8191541","https:\/\/www.youtube.com\/channel\/UCzsiTQGcwZMM2ZvO8UKaihg"]}]}},"_links":{"self":[{"href":"https:\/\/theswitchers.eu\/fr\/wp-json\/wp\/v2\/pages\/11691","targetHints":{"allow":["GET"]}}],"collection":[{"href":"https:\/\/theswitchers.eu\/fr\/wp-json\/wp\/v2\/pages"}],"about":[{"href":"https:\/\/theswitchers.eu\/fr\/wp-json\/wp\/v2\/types\/page"}],"author":[{"embeddable":true,"href":"https:\/\/theswitchers.eu\/fr\/wp-json\/wp\/v2\/users\/1"}],"replies":[{"embeddable":true,"href":"https:\/\/theswitchers.eu\/fr\/wp-json\/wp\/v2\/comments?post=11691"}],"version-history":[{"count":5,"href":"https:\/\/theswitchers.eu\/fr\/wp-json\/wp\/v2\/pages\/11691\/revisions"}],"predecessor-version":[{"id":12684,"href":"https:\/\/theswitchers.eu\/fr\/wp-json\/wp\/v2\/pages\/11691\/revisions\/12684"}],"wp:attachment":[{"href":"https:\/\/theswitchers.eu\/fr\/wp-json\/wp\/v2\/media?parent=11691"}],"curies":[{"name":"wp","href":"https:\/\/api.w.org\/{rel}","templated":true}]}}