{"id":1685,"date":"2016-11-22T10:35:40","date_gmt":"2016-11-22T10:35:40","guid":{"rendered":"https:\/\/theswitchers.eu\/fr\/?page_id=1685"},"modified":"2025-10-01T13:03:53","modified_gmt":"2025-10-01T13:03:53","slug":"application","status":"publish","type":"page","link":"https:\/\/theswitchers.eu\/fr\/application\/","title":{"rendered":"Rejoignez-nous"},"content":{"rendered":"<p style=\"text-align: center; padding-left: 15%; padding-right: 15%;\"><em>Vous travaillez pour un avenir juste et durable ? <\/em><\/p>\n<p style=\"text-align: center; padding-left: 15%; padding-right: 15%;\"><em>Vous fournissez une solution commerciale verte et circulaire aux d\u00e9fis environnementaux? <\/em><\/p>\n<p style=\"text-align: center; padding-left: 15%; padding-right: 15%;\"><em>Vous \u00eates bas\u00e9 dans un <a href=\"http:\/\/web.unep.org\/unepmap\/\">pays m\u00e9diterran\u00e9en<\/a> ?\u00a0<\/em><\/p>\n<p style=\"text-align: center; padding-left: 15%; padding-right: 15%;\"><strong> Alors vous aussi vous pouvez devenir un Switcher !<\/strong><\/p>\n<p style=\"text-align: center; padding-left: 15%; padding-right: 15%;\"><span class=\"HwtZe\" lang=\"fr\"><span class=\"jCAhz ChMk0b\"><span class=\"ryNqvb\">Pourquoi\u00a0?<\/span><\/span> <span class=\"jCAhz ChMk0b\"><span class=\"ryNqvb\">D\u00e9couvrez les avantages gratuits d&rsquo;etre dans <a href=\"https:\/\/theswitchers.eu\/fr\/about\/\">le Programme de soutien des Switchers.<\/a><\/span><\/span><\/span><\/p>\n<p style=\"text-align: center; padding-left: 15%; padding-right: 15%;\">Rejoignez cette plateforme et entrer en contact avec d&rsquo;autres personnes qui partagent les m\u00eames id\u00e9es que vous et b\u00e9n\u00e9ficiez d&rsquo;une communaut\u00e9 qui aide ses membres \u00e0 grandir et \u00e0 d\u00e9velopper leurs solutions :<\/p>\n<div align=\"center\"><a class=\"typeform-share link\" href=\"https:\/\/forms.gle\/MibQpsECJvyxpUsz9\" target=\"_blank\" rel=\"noopener noreferrer\" data-mode=\"1\"><img loading=\"lazy\" decoding=\"async\" class=\"aligncenter wp-image-1846\" src=\"https:\/\/theswitchers.eu\/wp-content\/uploads\/2018\/05\/applynow_button_fr.png\" alt=\"applynow_button\" width=\"170\" height=\"58\" \/><\/a><br \/>\n<script>(function(){var qs,js,q<span data-mce-type=\"bookmark\" style=\"display: inline-block; width: 0px; overflow: hidden; line-height: 0;\" class=\"mce_SELRES_start\">\ufeff<\/span>,s,d=document,gi=d.getElementById,ce=d.createElement,gt=d.getElementsByTagName,id='typef_orm',b='https:\/\/s3-eu-west-1.amazonaws.com\/share.typeform.com\/';if(!gi.call(d,id)){js=ce.call(d,'script');js.id=id;js.src=b+'share.js';q=gt.call(d,'script')[0];q.parentNode.insertBefore(js,q)}})()<\/script><\/div>\n<p style=\"text-align: center; font-size: medium; padding-left: 15%; padding-right: 15%;\">Veuillez noter : <strong>Vous ne pouvez pas enregistrer votre progression sur le formulaire. Si vous souhaitez pr\u00e9parer votre demande avant de remplir ce dernier, vous pouvez <a href=\"https:\/\/www.dropbox.com\/s\/ql9mx1psixelxly\/Application_Switcher_2016_francais.pdf\" target=\"_blank\" rel=\"noopener noreferrer\">t\u00e9l\u00e9charger les questions<\/a> ici.<\/strong><\/p>\n<p>&nbsp;<\/p>\n","protected":false},"excerpt":{"rendered":"<p>Vous travaillez pour un avenir juste et durable ? Vous fournissez une solution commerciale verte et circulaire aux d\u00e9fis environnementaux? Vous \u00eates bas\u00e9 dans un pays m\u00e9diterran\u00e9en ?\u00a0 Alors vous aussi vous pouvez devenir un Switcher ! Pourquoi\u00a0? D\u00e9couvrez les avantages gratuits d&rsquo;etre dans le Programme de soutien des Switchers. Rejoignez cette plateforme et entrer [&hellip;]<\/p>\n","protected":false},"author":24,"featured_media":3208,"parent":0,"menu_order":0,"comment_status":"closed","ping_status":"closed","template":"","meta":{"_acf_changed":false,"_relevanssi_hide_post":"","_relevanssi_hide_content":"","_relevanssi_pin_for_all":"","_relevanssi_pin_keywords":"","_relevanssi_unpin_keywords":"","_relevanssi_related_keywords":"","_relevanssi_related_include_ids":"","_relevanssi_related_exclude_ids":"","_relevanssi_related_no_append":"","_relevanssi_related_not_related":"","_relevanssi_related_posts":"","_relevanssi_noindex_reason":"","_monsterinsights_skip_tracking":false,"_monsterinsights_sitenote_active":false,"_monsterinsights_sitenote_note":"","_monsterinsights_sitenote_category":0,"footnotes":""},"class_list":["post-1685","page","type-page","status-publish","has-post-thumbnail","hentry"],"acf":[],"yoast_head":"<!-- This site is optimized with the Yoast SEO plugin v27.4 - https:\/\/yoast.com\/product\/yoast-seo-wordpress\/ -->\n<title>Rejoignez-nous - The Switchers<\/title>\n<meta name=\"robots\" content=\"index, follow, max-snippet:-1, max-image-preview:large, max-video-preview:-1\" \/>\n<link rel=\"canonical\" href=\"https:\/\/theswitchers.eu\/fr\/application\/\" \/>\n<meta property=\"og:locale\" content=\"fr_FR\" \/>\n<meta property=\"og:type\" content=\"article\" \/>\n<meta property=\"og:title\" content=\"Rejoignez-nous - The Switchers\" \/>\n<meta property=\"og:description\" content=\"Rejoignez la tribu de Switchers pour une economie circulaire!\" \/>\n<meta property=\"og:url\" content=\"https:\/\/theswitchers.eu\/fr\/application\/\" \/>\n<meta property=\"og:site_name\" content=\"The Switchers\" \/>\n<meta property=\"article:publisher\" content=\"https:\/\/www.facebook.com\/wearetheswitchers\/\" \/>\n<meta property=\"article:modified_time\" content=\"2025-10-01T13:03:53+00:00\" \/>\n<meta property=\"og:image\" content=\"https:\/\/theswitchers.eu\/wp-content\/uploads\/2017\/08\/12376405_853853400126_1346989902725975765_n.jpg\" \/>\n\t<meta property=\"og:image:width\" content=\"639\" \/>\n\t<meta property=\"og:image:height\" content=\"640\" \/>\n\t<meta property=\"og:image:type\" content=\"image\/jpeg\" \/>\n<meta name=\"twitter:card\" content=\"summary_large_image\" \/>\n<meta name=\"twitter:site\" content=\"@switchmed\" \/>\n<meta name=\"twitter:label1\" content=\"Dur\u00e9e de lecture estim\u00e9e\" \/>\n\t<meta name=\"twitter:data1\" content=\"1 minute\" \/>\n<script type=\"application\/ld+json\" class=\"yoast-schema-graph\">{\"@context\":\"https:\\\/\\\/schema.org\",\"@graph\":[{\"@type\":\"WebPage\",\"@id\":\"https:\\\/\\\/theswitchers.eu\\\/fr\\\/application\\\/\",\"url\":\"https:\\\/\\\/theswitchers.eu\\\/fr\\\/application\\\/\",\"name\":\"Rejoignez-nous - The Switchers\",\"isPartOf\":{\"@id\":\"https:\\\/\\\/theswitchers.eu\\\/fr\\\/#website\"},\"primaryImageOfPage\":{\"@id\":\"https:\\\/\\\/theswitchers.eu\\\/fr\\\/application\\\/#primaryimage\"},\"image\":{\"@id\":\"https:\\\/\\\/theswitchers.eu\\\/fr\\\/application\\\/#primaryimage\"},\"thumbnailUrl\":\"https:\\\/\\\/theswitchers.eu\\\/wp-content\\\/uploads\\\/2017\\\/08\\\/12376405_853853400126_1346989902725975765_n.jpg\",\"datePublished\":\"2016-11-22T10:35:40+00:00\",\"dateModified\":\"2025-10-01T13:03:53+00:00\",\"breadcrumb\":{\"@id\":\"https:\\\/\\\/theswitchers.eu\\\/fr\\\/application\\\/#breadcrumb\"},\"inLanguage\":\"fr-FR\",\"potentialAction\":[{\"@type\":\"ReadAction\",\"target\":[\"https:\\\/\\\/theswitchers.eu\\\/fr\\\/application\\\/\"]}]},{\"@type\":\"ImageObject\",\"inLanguage\":\"fr-FR\",\"@id\":\"https:\\\/\\\/theswitchers.eu\\\/fr\\\/application\\\/#primaryimage\",\"url\":\"https:\\\/\\\/theswitchers.eu\\\/wp-content\\\/uploads\\\/2017\\\/08\\\/12376405_853853400126_1346989902725975765_n.jpg\",\"contentUrl\":\"https:\\\/\\\/theswitchers.eu\\\/wp-content\\\/uploads\\\/2017\\\/08\\\/12376405_853853400126_1346989902725975765_n.jpg\",\"width\":639,\"height\":640,\"caption\":\"Abdel Ghaffar after winning the Middleweight Contest\"},{\"@type\":\"BreadcrumbList\",\"@id\":\"https:\\\/\\\/theswitchers.eu\\\/fr\\\/application\\\/#breadcrumb\",\"itemListElement\":[{\"@type\":\"ListItem\",\"position\":1,\"name\":\"Portada\",\"item\":\"https:\\\/\\\/theswitchers.eu\\\/fr\\\/\"},{\"@type\":\"ListItem\",\"position\":2,\"name\":\"Rejoignez-nous\"}]},{\"@type\":\"WebSite\",\"@id\":\"https:\\\/\\\/theswitchers.eu\\\/fr\\\/#website\",\"url\":\"https:\\\/\\\/theswitchers.eu\\\/fr\\\/\",\"name\":\"The Switchers\",\"description\":\"The stories of the people who are changing the world\",\"publisher\":{\"@id\":\"https:\\\/\\\/theswitchers.eu\\\/fr\\\/#organization\"},\"potentialAction\":[{\"@type\":\"SearchAction\",\"target\":{\"@type\":\"EntryPoint\",\"urlTemplate\":\"https:\\\/\\\/theswitchers.eu\\\/fr\\\/?s={search_term_string}\"},\"query-input\":{\"@type\":\"PropertyValueSpecification\",\"valueRequired\":true,\"valueName\":\"search_term_string\"}}],\"inLanguage\":\"fr-FR\"},{\"@type\":\"Organization\",\"@id\":\"https:\\\/\\\/theswitchers.eu\\\/fr\\\/#organization\",\"name\":\"The Switchers\",\"url\":\"https:\\\/\\\/theswitchers.eu\\\/fr\\\/\",\"logo\":{\"@type\":\"ImageObject\",\"inLanguage\":\"fr-FR\",\"@id\":\"https:\\\/\\\/theswitchers.eu\\\/fr\\\/#\\\/schema\\\/logo\\\/image\\\/\",\"url\":\"https:\\\/\\\/theswitchers.eu\\\/wp-content\\\/uploads\\\/2017\\\/03\\\/switchmed_circle_small.jpg\",\"contentUrl\":\"https:\\\/\\\/theswitchers.eu\\\/wp-content\\\/uploads\\\/2017\\\/03\\\/switchmed_circle_small.jpg\",\"width\":87,\"height\":88,\"caption\":\"The Switchers\"},\"image\":{\"@id\":\"https:\\\/\\\/theswitchers.eu\\\/fr\\\/#\\\/schema\\\/logo\\\/image\\\/\"},\"sameAs\":[\"https:\\\/\\\/www.facebook.com\\\/wearetheswitchers\\\/\",\"https:\\\/\\\/x.com\\\/switchmed\",\"https:\\\/\\\/www.instagram.com\\\/theswitchers.eu\\\/\",\"https:\\\/\\\/www.linkedin.com\\\/groups\\\/8191541\",\"https:\\\/\\\/www.youtube.com\\\/channel\\\/UCzsiTQGcwZMM2ZvO8UKaihg\"]}]}<\/script>\n<!-- \/ Yoast SEO plugin. -->","yoast_head_json":{"title":"Rejoignez-nous - The Switchers","robots":{"index":"index","follow":"follow","max-snippet":"max-snippet:-1","max-image-preview":"max-image-preview:large","max-video-preview":"max-video-preview:-1"},"canonical":"https:\/\/theswitchers.eu\/fr\/application\/","og_locale":"fr_FR","og_type":"article","og_title":"Rejoignez-nous - The Switchers","og_description":"Rejoignez la tribu de Switchers pour une economie circulaire!","og_url":"https:\/\/theswitchers.eu\/fr\/application\/","og_site_name":"The Switchers","article_publisher":"https:\/\/www.facebook.com\/wearetheswitchers\/","article_modified_time":"2025-10-01T13:03:53+00:00","og_image":[{"width":639,"height":640,"url":"https:\/\/theswitchers.eu\/wp-content\/uploads\/2017\/08\/12376405_853853400126_1346989902725975765_n.jpg","type":"image\/jpeg"}],"twitter_card":"summary_large_image","twitter_site":"@switchmed","twitter_misc":{"Dur\u00e9e de lecture estim\u00e9e":"1 minute"},"schema":{"@context":"https:\/\/schema.org","@graph":[{"@type":"WebPage","@id":"https:\/\/theswitchers.eu\/fr\/application\/","url":"https:\/\/theswitchers.eu\/fr\/application\/","name":"Rejoignez-nous - The Switchers","isPartOf":{"@id":"https:\/\/theswitchers.eu\/fr\/#website"},"primaryImageOfPage":{"@id":"https:\/\/theswitchers.eu\/fr\/application\/#primaryimage"},"image":{"@id":"https:\/\/theswitchers.eu\/fr\/application\/#primaryimage"},"thumbnailUrl":"https:\/\/theswitchers.eu\/wp-content\/uploads\/2017\/08\/12376405_853853400126_1346989902725975765_n.jpg","datePublished":"2016-11-22T10:35:40+00:00","dateModified":"2025-10-01T13:03:53+00:00","breadcrumb":{"@id":"https:\/\/theswitchers.eu\/fr\/application\/#breadcrumb"},"inLanguage":"fr-FR","potentialAction":[{"@type":"ReadAction","target":["https:\/\/theswitchers.eu\/fr\/application\/"]}]},{"@type":"ImageObject","inLanguage":"fr-FR","@id":"https:\/\/theswitchers.eu\/fr\/application\/#primaryimage","url":"https:\/\/theswitchers.eu\/wp-content\/uploads\/2017\/08\/12376405_853853400126_1346989902725975765_n.jpg","contentUrl":"https:\/\/theswitchers.eu\/wp-content\/uploads\/2017\/08\/12376405_853853400126_1346989902725975765_n.jpg","width":639,"height":640,"caption":"Abdel Ghaffar after winning the Middleweight Contest"},{"@type":"BreadcrumbList","@id":"https:\/\/theswitchers.eu\/fr\/application\/#breadcrumb","itemListElement":[{"@type":"ListItem","position":1,"name":"Portada","item":"https:\/\/theswitchers.eu\/fr\/"},{"@type":"ListItem","position":2,"name":"Rejoignez-nous"}]},{"@type":"WebSite","@id":"https:\/\/theswitchers.eu\/fr\/#website","url":"https:\/\/theswitchers.eu\/fr\/","name":"The Switchers","description":"The stories of the people who are changing the world","publisher":{"@id":"https:\/\/theswitchers.eu\/fr\/#organization"},"potentialAction":[{"@type":"SearchAction","target":{"@type":"EntryPoint","urlTemplate":"https:\/\/theswitchers.eu\/fr\/?s={search_term_string}"},"query-input":{"@type":"PropertyValueSpecification","valueRequired":true,"valueName":"search_term_string"}}],"inLanguage":"fr-FR"},{"@type":"Organization","@id":"https:\/\/theswitchers.eu\/fr\/#organization","name":"The Switchers","url":"https:\/\/theswitchers.eu\/fr\/","logo":{"@type":"ImageObject","inLanguage":"fr-FR","@id":"https:\/\/theswitchers.eu\/fr\/#\/schema\/logo\/image\/","url":"https:\/\/theswitchers.eu\/wp-content\/uploads\/2017\/03\/switchmed_circle_small.jpg","contentUrl":"https:\/\/theswitchers.eu\/wp-content\/uploads\/2017\/03\/switchmed_circle_small.jpg","width":87,"height":88,"caption":"The Switchers"},"image":{"@id":"https:\/\/theswitchers.eu\/fr\/#\/schema\/logo\/image\/"},"sameAs":["https:\/\/www.facebook.com\/wearetheswitchers\/","https:\/\/x.com\/switchmed","https:\/\/www.instagram.com\/theswitchers.eu\/","https:\/\/www.linkedin.com\/groups\/8191541","https:\/\/www.youtube.com\/channel\/UCzsiTQGcwZMM2ZvO8UKaihg"]}]}},"_links":{"self":[{"href":"https:\/\/theswitchers.eu\/fr\/wp-json\/wp\/v2\/pages\/1685","targetHints":{"allow":["GET"]}}],"collection":[{"href":"https:\/\/theswitchers.eu\/fr\/wp-json\/wp\/v2\/pages"}],"about":[{"href":"https:\/\/theswitchers.eu\/fr\/wp-json\/wp\/v2\/types\/page"}],"author":[{"embeddable":true,"href":"https:\/\/theswitchers.eu\/fr\/wp-json\/wp\/v2\/users\/24"}],"replies":[{"embeddable":true,"href":"https:\/\/theswitchers.eu\/fr\/wp-json\/wp\/v2\/comments?post=1685"}],"version-history":[{"count":20,"href":"https:\/\/theswitchers.eu\/fr\/wp-json\/wp\/v2\/pages\/1685\/revisions"}],"predecessor-version":[{"id":14416,"href":"https:\/\/theswitchers.eu\/fr\/wp-json\/wp\/v2\/pages\/1685\/revisions\/14416"}],"wp:featuredmedia":[{"embeddable":true,"href":"https:\/\/theswitchers.eu\/fr\/wp-json\/wp\/v2\/media\/3208"}],"wp:attachment":[{"href":"https:\/\/theswitchers.eu\/fr\/wp-json\/wp\/v2\/media?parent=1685"}],"curies":[{"name":"wp","href":"https:\/\/api.w.org\/{rel}","templated":true}]}}