{"id":4266,"date":"2017-02-17T11:25:13","date_gmt":"2017-02-17T11:25:13","guid":{"rendered":"https:\/\/theswitchers.eu\/jobs\/"},"modified":"2018-04-14T12:14:48","modified_gmt":"2018-04-14T12:14:48","slug":"jobs","status":"publish","type":"page","link":"https:\/\/theswitchers.eu\/fr\/jobs\/","title":{"rendered":"Postes disponibles"},"content":{"rendered":"<h2 style=\"text-align: center; padding-left: 5%; padding-right: 5%;\"><strong>Rejoignez l&rsquo;\u00e9quipe des Switchers !<\/strong><\/h2>\n<p style=\"text-align: center; padding-left: 5%; padding-right: 5%;\"><span style=\"font-weight: 400;\">Notre mission est d&rsquo;aider les membres de la communaut\u00e9 des Switchers autour de la M\u00e9diterran\u00e9e \u00e0 cr\u00e9er un mouvement vers une a \u00e9conomie durable.<\/span><\/p>\n<p style=\"text-align: center; padding-left: 5%; padding-right: 5%;\"><span style=\"font-weight: 400;\">Nous sommes une \u00e9quipe internationale, natifs du num\u00e9rique, nous sommes anim\u00e9s par un m\u00eame but et nous vivons selon nos <a href=\"https:\/\/medium.com\/@hires\/10-team-values-for-teams-with-purpose-d2641ad9b8fb\" target=\"_blank\" rel=\"noopener\">principes<\/a>. Si vous souhaitez participer \u00e0 cette aventure, postulez pour rejoindre l&rsquo;\u00e9quipe :<\/span><\/p>\n<p style=\"text-align: center; padding-left: 5%; padding-right: 5%;\"><a href=\"https:\/\/theswitchers.eu\/wp-content\/uploads\/2018\/02\/ToR_-Switcher-Recruitment-Manager-2018.pdf\" target=\"_blank\" rel=\"noopener\">Responsable du recrutement<\/a><br \/>\nVous \u00eates un excellent gestionnaire en int\u00e9gration communautaire qui aime accompagner les nouveaux membres?<\/p>\n<p style=\"text-align: center; padding-left: 5%; padding-right: 5%;\"><a href=\"https:\/\/theswitchers.eu\/wp-content\/uploads\/2017\/09\/Open-Application.pdf\" target=\"_blank\" rel=\"noopener\">Candidature ouverte<\/a><br \/>\nNous aimons toujours entendre les t\u00e9moignages de personnes exceptionnelles en mission !<\/p>\n<p style=\"text-align: center; font-size: medium; padding-left: 5%; padding-right: 5%;\">Nous encourageons les candidatures des pays du sud de la M\u00e9diterran\u00e9e. Nous vous remercions de votre int\u00e9r\u00eat et nous attendons avec impatience vos candidatures.<\/p>\n","protected":false},"excerpt":{"rendered":"<p>Rejoignez l&rsquo;\u00e9quipe des Switchers ! Notre mission est d&rsquo;aider les membres de la communaut\u00e9 des Switchers autour de la M\u00e9diterran\u00e9e \u00e0 cr\u00e9er un mouvement vers une a \u00e9conomie durable. Nous sommes une \u00e9quipe internationale, natifs du num\u00e9rique, nous sommes anim\u00e9s par un m\u00eame but et nous vivons selon nos principes. Si vous souhaitez participer \u00e0 [&hellip;]<\/p>\n","protected":false},"author":24,"featured_media":0,"parent":0,"menu_order":0,"comment_status":"closed","ping_status":"closed","template":"","meta":{"_acf_changed":false,"_relevanssi_hide_post":"","_relevanssi_hide_content":"","_relevanssi_pin_for_all":"","_relevanssi_pin_keywords":"","_relevanssi_unpin_keywords":"","_relevanssi_related_keywords":"","_relevanssi_related_include_ids":"","_relevanssi_related_exclude_ids":"","_relevanssi_related_no_append":"","_relevanssi_related_not_related":"","_relevanssi_related_posts":"","_relevanssi_noindex_reason":"","_monsterinsights_skip_tracking":false,"_monsterinsights_sitenote_active":false,"_monsterinsights_sitenote_note":"","_monsterinsights_sitenote_category":0,"footnotes":""},"class_list":["post-4266","page","type-page","status-publish","hentry"],"acf":[],"yoast_head":"<!-- This site is optimized with the Yoast SEO plugin v27.3 - https:\/\/yoast.com\/product\/yoast-seo-wordpress\/ -->\n<title>Postes disponibles - The Switchers<\/title>\n<meta name=\"robots\" content=\"index, follow, max-snippet:-1, max-image-preview:large, max-video-preview:-1\" \/>\n<link rel=\"canonical\" href=\"https:\/\/theswitchers.eu\/fr\/jobs\/\" \/>\n<meta property=\"og:locale\" content=\"fr_FR\" \/>\n<meta property=\"og:type\" content=\"article\" \/>\n<meta property=\"og:title\" content=\"Join the Team!\" \/>\n<meta property=\"og:description\" content=\"The Switchers is a community of green changemakers leading a movement towards a sustainable economy in the Mediterranean region. If you want to be part of making this an even more awesome resource, you should join the team!\" \/>\n<meta property=\"og:url\" content=\"https:\/\/theswitchers.eu\/fr\/jobs\/\" \/>\n<meta property=\"og:site_name\" content=\"The Switchers\" \/>\n<meta property=\"article:publisher\" content=\"https:\/\/www.facebook.com\/wearetheswitchers\/\" \/>\n<meta property=\"article:modified_time\" content=\"2018-04-14T12:14:48+00:00\" \/>\n<meta property=\"og:image\" content=\"https:\/\/theswitchers.eu\/wp-content\/uploads\/2015\/10\/theswitchers_square.jpg\" \/>\n\t<meta property=\"og:image:width\" content=\"876\" \/>\n\t<meta property=\"og:image:height\" content=\"686\" \/>\n\t<meta property=\"og:image:type\" content=\"image\/jpeg\" \/>\n<meta name=\"twitter:card\" content=\"summary_large_image\" \/>\n<meta name=\"twitter:site\" content=\"@switchmed\" \/>\n<meta name=\"twitter:label1\" content=\"Dur\u00e9e de lecture estim\u00e9e\" \/>\n\t<meta name=\"twitter:data1\" content=\"1 minute\" \/>\n<script type=\"application\/ld+json\" class=\"yoast-schema-graph\">{\"@context\":\"https:\\\/\\\/schema.org\",\"@graph\":[{\"@type\":\"WebPage\",\"@id\":\"https:\\\/\\\/theswitchers.eu\\\/fr\\\/jobs\\\/\",\"url\":\"https:\\\/\\\/theswitchers.eu\\\/fr\\\/jobs\\\/\",\"name\":\"Postes disponibles - The Switchers\",\"isPartOf\":{\"@id\":\"https:\\\/\\\/theswitchers.eu\\\/fr\\\/#website\"},\"datePublished\":\"2017-02-17T11:25:13+00:00\",\"dateModified\":\"2018-04-14T12:14:48+00:00\",\"breadcrumb\":{\"@id\":\"https:\\\/\\\/theswitchers.eu\\\/fr\\\/jobs\\\/#breadcrumb\"},\"inLanguage\":\"fr-FR\",\"potentialAction\":[{\"@type\":\"ReadAction\",\"target\":[\"https:\\\/\\\/theswitchers.eu\\\/fr\\\/jobs\\\/\"]}]},{\"@type\":\"BreadcrumbList\",\"@id\":\"https:\\\/\\\/theswitchers.eu\\\/fr\\\/jobs\\\/#breadcrumb\",\"itemListElement\":[{\"@type\":\"ListItem\",\"position\":1,\"name\":\"Portada\",\"item\":\"https:\\\/\\\/theswitchers.eu\\\/fr\\\/\"},{\"@type\":\"ListItem\",\"position\":2,\"name\":\"Postes disponibles\"}]},{\"@type\":\"WebSite\",\"@id\":\"https:\\\/\\\/theswitchers.eu\\\/fr\\\/#website\",\"url\":\"https:\\\/\\\/theswitchers.eu\\\/fr\\\/\",\"name\":\"The Switchers\",\"description\":\"The stories of the people who are changing the world\",\"publisher\":{\"@id\":\"https:\\\/\\\/theswitchers.eu\\\/fr\\\/#organization\"},\"potentialAction\":[{\"@type\":\"SearchAction\",\"target\":{\"@type\":\"EntryPoint\",\"urlTemplate\":\"https:\\\/\\\/theswitchers.eu\\\/fr\\\/?s={search_term_string}\"},\"query-input\":{\"@type\":\"PropertyValueSpecification\",\"valueRequired\":true,\"valueName\":\"search_term_string\"}}],\"inLanguage\":\"fr-FR\"},{\"@type\":\"Organization\",\"@id\":\"https:\\\/\\\/theswitchers.eu\\\/fr\\\/#organization\",\"name\":\"The Switchers\",\"url\":\"https:\\\/\\\/theswitchers.eu\\\/fr\\\/\",\"logo\":{\"@type\":\"ImageObject\",\"inLanguage\":\"fr-FR\",\"@id\":\"https:\\\/\\\/theswitchers.eu\\\/fr\\\/#\\\/schema\\\/logo\\\/image\\\/\",\"url\":\"https:\\\/\\\/theswitchers.eu\\\/wp-content\\\/uploads\\\/2017\\\/03\\\/switchmed_circle_small.jpg\",\"contentUrl\":\"https:\\\/\\\/theswitchers.eu\\\/wp-content\\\/uploads\\\/2017\\\/03\\\/switchmed_circle_small.jpg\",\"width\":87,\"height\":88,\"caption\":\"The Switchers\"},\"image\":{\"@id\":\"https:\\\/\\\/theswitchers.eu\\\/fr\\\/#\\\/schema\\\/logo\\\/image\\\/\"},\"sameAs\":[\"https:\\\/\\\/www.facebook.com\\\/wearetheswitchers\\\/\",\"https:\\\/\\\/x.com\\\/switchmed\",\"https:\\\/\\\/www.instagram.com\\\/theswitchers.eu\\\/\",\"https:\\\/\\\/www.linkedin.com\\\/groups\\\/8191541\",\"https:\\\/\\\/www.youtube.com\\\/channel\\\/UCzsiTQGcwZMM2ZvO8UKaihg\"]}]}<\/script>\n<!-- \/ Yoast SEO plugin. -->","yoast_head_json":{"title":"Postes disponibles - The Switchers","robots":{"index":"index","follow":"follow","max-snippet":"max-snippet:-1","max-image-preview":"max-image-preview:large","max-video-preview":"max-video-preview:-1"},"canonical":"https:\/\/theswitchers.eu\/fr\/jobs\/","og_locale":"fr_FR","og_type":"article","og_title":"Join the Team!","og_description":"The Switchers is a community of green changemakers leading a movement towards a sustainable economy in the Mediterranean region. If you want to be part of making this an even more awesome resource, you should join the team!","og_url":"https:\/\/theswitchers.eu\/fr\/jobs\/","og_site_name":"The Switchers","article_publisher":"https:\/\/www.facebook.com\/wearetheswitchers\/","article_modified_time":"2018-04-14T12:14:48+00:00","og_image":[{"width":876,"height":686,"url":"https:\/\/theswitchers.eu\/wp-content\/uploads\/2015\/10\/theswitchers_square.jpg","type":"image\/jpeg"}],"twitter_card":"summary_large_image","twitter_site":"@switchmed","twitter_misc":{"Dur\u00e9e de lecture estim\u00e9e":"1 minute"},"schema":{"@context":"https:\/\/schema.org","@graph":[{"@type":"WebPage","@id":"https:\/\/theswitchers.eu\/fr\/jobs\/","url":"https:\/\/theswitchers.eu\/fr\/jobs\/","name":"Postes disponibles - The Switchers","isPartOf":{"@id":"https:\/\/theswitchers.eu\/fr\/#website"},"datePublished":"2017-02-17T11:25:13+00:00","dateModified":"2018-04-14T12:14:48+00:00","breadcrumb":{"@id":"https:\/\/theswitchers.eu\/fr\/jobs\/#breadcrumb"},"inLanguage":"fr-FR","potentialAction":[{"@type":"ReadAction","target":["https:\/\/theswitchers.eu\/fr\/jobs\/"]}]},{"@type":"BreadcrumbList","@id":"https:\/\/theswitchers.eu\/fr\/jobs\/#breadcrumb","itemListElement":[{"@type":"ListItem","position":1,"name":"Portada","item":"https:\/\/theswitchers.eu\/fr\/"},{"@type":"ListItem","position":2,"name":"Postes disponibles"}]},{"@type":"WebSite","@id":"https:\/\/theswitchers.eu\/fr\/#website","url":"https:\/\/theswitchers.eu\/fr\/","name":"The Switchers","description":"The stories of the people who are changing the world","publisher":{"@id":"https:\/\/theswitchers.eu\/fr\/#organization"},"potentialAction":[{"@type":"SearchAction","target":{"@type":"EntryPoint","urlTemplate":"https:\/\/theswitchers.eu\/fr\/?s={search_term_string}"},"query-input":{"@type":"PropertyValueSpecification","valueRequired":true,"valueName":"search_term_string"}}],"inLanguage":"fr-FR"},{"@type":"Organization","@id":"https:\/\/theswitchers.eu\/fr\/#organization","name":"The Switchers","url":"https:\/\/theswitchers.eu\/fr\/","logo":{"@type":"ImageObject","inLanguage":"fr-FR","@id":"https:\/\/theswitchers.eu\/fr\/#\/schema\/logo\/image\/","url":"https:\/\/theswitchers.eu\/wp-content\/uploads\/2017\/03\/switchmed_circle_small.jpg","contentUrl":"https:\/\/theswitchers.eu\/wp-content\/uploads\/2017\/03\/switchmed_circle_small.jpg","width":87,"height":88,"caption":"The Switchers"},"image":{"@id":"https:\/\/theswitchers.eu\/fr\/#\/schema\/logo\/image\/"},"sameAs":["https:\/\/www.facebook.com\/wearetheswitchers\/","https:\/\/x.com\/switchmed","https:\/\/www.instagram.com\/theswitchers.eu\/","https:\/\/www.linkedin.com\/groups\/8191541","https:\/\/www.youtube.com\/channel\/UCzsiTQGcwZMM2ZvO8UKaihg"]}]}},"_links":{"self":[{"href":"https:\/\/theswitchers.eu\/fr\/wp-json\/wp\/v2\/pages\/4266","targetHints":{"allow":["GET"]}}],"collection":[{"href":"https:\/\/theswitchers.eu\/fr\/wp-json\/wp\/v2\/pages"}],"about":[{"href":"https:\/\/theswitchers.eu\/fr\/wp-json\/wp\/v2\/types\/page"}],"author":[{"embeddable":true,"href":"https:\/\/theswitchers.eu\/fr\/wp-json\/wp\/v2\/users\/24"}],"replies":[{"embeddable":true,"href":"https:\/\/theswitchers.eu\/fr\/wp-json\/wp\/v2\/comments?post=4266"}],"version-history":[{"count":0,"href":"https:\/\/theswitchers.eu\/fr\/wp-json\/wp\/v2\/pages\/4266\/revisions"}],"wp:attachment":[{"href":"https:\/\/theswitchers.eu\/fr\/wp-json\/wp\/v2\/media?parent=4266"}],"curies":[{"name":"wp","href":"https:\/\/api.w.org\/{rel}","templated":true}]}}